{"id":188,"date":"2022-02-16T10:43:23","date_gmt":"2022-02-16T10:43:23","guid":{"rendered":"https:\/\/alohavera.es\/?page_id=188"},"modified":"2025-05-13T21:39:05","modified_gmt":"2025-05-13T21:39:05","slug":"terminos-y-condiciones","status":"publish","type":"page","link":"https:\/\/alohavera.es\/es\/terminos-y-condiciones\/","title":{"rendered":"T\u00e9rminos y condiciones"},"content":{"rendered":"\t\t<div data-elementor-type=\"wp-page\" data-elementor-id=\"188\" class=\"elementor elementor-188\" data-elementor-post-type=\"page\">\n\t\t\t\t<div class=\"elementor-element elementor-element-3a2468e e-flex e-con-boxed e-con e-parent\" data-id=\"3a2468e\" data-element_type=\"container\" data-e-type=\"container\">\n\t\t\t\t\t<div class=\"e-con-inner\">\n\t\t\t\t<div class=\"elementor-element elementor-element-17ac81e elementor-widget elementor-widget-heading\" data-id=\"17ac81e\" data-element_type=\"widget\" data-e-type=\"widget\" data-widget_type=\"heading.default\">\n\t\t\t\t<div class=\"elementor-widget-container\">\n\t\t\t\t\t<h2 class=\"elementor-heading-title elementor-size-default\">T\u00e9rminos y condiciones<\/h2>\t\t\t\t<\/div>\n\t\t\t\t<\/div>\n\t\t\t\t<div class=\"elementor-element elementor-element-449da47 elementor-widget elementor-widget-text-editor\" data-id=\"449da47\" data-element_type=\"widget\" data-e-type=\"widget\" data-widget_type=\"text-editor.default\">\n\t\t\t\t<div class=\"elementor-widget-container\">\n\t\t\t\t\t\t\t\t\t<h4>1. CONDICIONES GENERALES PREVIAS A LA CONTRATACI\u00d3N<\/h4>\n<p>a) Estas Condiciones Generales regular\u00e1n expresamente las relaciones comerciales surgidas entre EL ALOJAMIENTO y los Usuarios Particulares que, a trav\u00e9s del sitio web https:\/\/alohavera.es\/ &nbsp;(en adelante, el \u201cSitio Web\u201d) de titularidad de EL ALOJAMIENTO, adquieran los productos que ofrezca en cada momento a los Usuarios Particulares espec\u00edficamente para su venta online (en adelante, los \u201cServicios\u201d) (en adelante, los \u201cClientes\u201d).<\/p>\n<p>b) Estas Condiciones Generales han sido elaboradas de conformidad con lo establecido en la Ley 34\/2002, de 11 de julio, de Servicios de la Sociedad de la Informaci\u00f3n y de Comercio Electr\u00f3nico, la Ley 7\/1998 sobre Condiciones Generales de Contrataci\u00f3n, el Real Decreto Legislativo 1\/2007, de 16 noviembre, por el que se aprueba el Texto Refundido de la Ley General para la Defensa de los Consumidores y Usuarios y otras leyes complementarias, la Ley 3\/2014 de 27 de marzo por al que se modifica el Texto Refundido de la Ley General para la defensa de los consumidores y usuarios y otras leyes complementarias, y la Ley 7\/1996, de 15 de enero, de Ordenaci\u00f3n del Comercio Minorista.<\/p>\n<p>c) EL ALOJAMIENTO podr\u00e1 modificar de forma unilateral, en cualquier momento que considere oportuno, la configuraci\u00f3n y contenido de las presentes Condiciones Generales. Ello no obstante, las Condiciones Generales aplicables a una determinada transacci\u00f3n ser\u00e1n las vigentes en el momento de la formalizaci\u00f3n de la misma.<\/p>\n<p>d) Los t\u00e9rminos y condiciones aplicables a la compra de los Productos ofrecidos para la venta al p\u00fablico por parte de&nbsp;EL ALOJAMIENTO&nbsp;a trav\u00e9s de su Sitio Web ser\u00e1n todos aquellos que se describen en las presentes Condiciones Generales y que se detallar\u00e1n en el Sitio Web a lo largo del proceso de compra online. A trav\u00e9s de la utilizaci\u00f3n del Sitio Web, los usuarios declaran conocer y aceptar los diferentes tr\u00e1mites necesarios para acceder a los diferentes Productos ofrecidos en el Sitio Web as\u00ed como formalizar la compra de los mismos.<\/p>\n<p>e) El Cliente acepta sin reserva alguna las Condiciones Generales de Venta al formular un pedido de Productos a&nbsp;EL ALOJAMIENTO&nbsp;teniendo previo conocimiento de su contenido por haberle proporcionado un ejemplar de las mismas, adem\u00e1s de hallarse publicadas en la p\u00e1gina web del alojamiento (el Sitio Web), en versi\u00f3n descargable e imprimible.<\/p>\n<h4>&nbsp;<\/h4>\n<h4>2. IDENTIFICACI\u00d3N DEL VENDEDOR Y DE LOS CLIENTES<\/h4>\n<p>a) Los datos identificativos del Sitio Web son los que se detallan a continuaci\u00f3n: https:\/\/alohavera.es\/ (Aloha Vera: espacio de experiencias idiom\u00e1ticas S.L.), CIF B-10640753, Domicilio social en Calle Altozano 10, 10450 Jarandilla de la Vera, C\u00e1ceres, Espa\u00f1a<\/p>\n<p>Direcci\u00f3n de correo electr\u00f3nica: vive@alohavera.es<\/p>\n<p>b) Para poder realizar las compras desde el Sitio Web ser\u00e1 necesario que los Clientes efect\u00faen su reserva marcando el mismo y n\u00famero de hu\u00e9spedes, as\u00ed como los concretos detalles.<\/p>\n<h4>&nbsp;<\/h4>\n<h4>3. NATURALEZA DEL SITIO WEB<\/h4>\n<p>Para la reserva del alojamiento, el Cliente deber\u00e1 reunir las siguientes caracter\u00edsticas:<\/p>\n<ul>\n<li>Ser una persona f\u00edsica o jur\u00eddica con residencia o domicilio situado en territorio internacional.<\/li>\n<li>En caso de ser una persona f\u00edsica, deber\u00e1 ser mayor de edad y con capacidad legal suficiente para realizar la reserva.<\/li>\n<li>En caso de ser una persona jur\u00eddica, la persona que efect\u00fae la reserva deber\u00e1 ser tener facultades suficientes para efectuar la transacci\u00f3n en nombre y representaci\u00f3n de la persona jur\u00eddica.<\/li>\n<li>En todo caso, deber\u00e1 tener la consideraci\u00f3n de consumidor final, de conformidad con lo establecido por el Real Decreto Legislativo 1\/2007, de 16 de noviembre, por el que se aprueba el Texto Refundido de la Ley General para la Defensa de los Consumidores y Usuarios, es decir para el consumo propio del Cliente o de las personas en nombre de las cuales el Cliente est\u00e9 legalmente autorizado para actuar. En consecuencia, quedan excluidas, sin car\u00e1cter exhaustivo, de la utilizaci\u00f3n del Sitio Web empresas mayoristas, distribuidoras, centrales de compra, grandes superficies, otros intermediarios profesionales del mismo sector que este Sitio Web.<\/li>\n<\/ul>\n<h4>&nbsp;<\/h4>\n<h4>4. ALOJAMIENTOS OFRECIDOS<\/h4>\n<p>a) EL ALOJAMIENTO publicar\u00e1, junto a la imagen de cada una de las habitaciones o alojamiento que sean objeto de reserva a trav\u00e9s del Sitio Web, las caracter\u00edsticas espec\u00edficas de cada uno de ellos, entre ellos los servicios incluidos, y el precio aplicable.<\/p>\n<p>b) EL ALOJAMIENTO garantiza que el precio ser\u00e1 el vigente el d\u00eda de la formalizaci\u00f3n de la reserva con independencia del d\u00eda en que se formalice el servicio.<\/p>\n<p>c) En caso de existir ofertas aplicables sobre el precio de los alojamientos, \u00e9stas se indicar\u00e1n junto al precio inicial con una tipograf\u00eda diferente que permita al Cliente identificar de forma clara el precio final. En cualquier caso, se indicar\u00e1 el per\u00edodo temporal de validez de la oferta.<\/p>\n<p>d) EL ALOJAMIENTO podr\u00e1, de forma unilateral y en cualquier momento, ofrecer nuevos Servicios que sean objeto de venta en el Sitio Web as\u00ed como tambi\u00e9n suspender o cancelar, de forma temporal o indefinida, cualquiera de los servicios.<\/p>\n<p>e) Las tarifas establecidas en el Sitio Web incluyen&nbsp;el IVA aplicable en cada servicio, pero no otro impuesto que fuera de aplicaci\u00f3n. EL ALOJAMIENTO se compromete a mantener actualizados los precios de conformidad con el impuesto aplicable en cada momento.<\/p>\n<p>f) EL ALOJAMIENTO garantiza la disponibilidad de todos los alojamientos ofrecidos en el Sitio Web.<\/p>\n<h4>&nbsp;<\/h4>\n<h4>5. SISTEMA DE RESERVA<\/h4>\n<p>El Cliente deber\u00e1 seleccionar el alojamiento escogido, procediendo a rellenar el formulario de reserva y abonando el importe correspondiente.<\/p>\n<p>En el momento de formalizar la reserva, se pagar\u00e1 directamente en la web a trav\u00e9s de nuestro proveedor de servicios de pago online (Redsys o Stripe), el 100% del importe total. En el caso de que por alg\u00fan motivo no pudiera completarse el pago de la reserva, esta quedar\u00e1 libre nuevamente.<\/p>\n<p>Tenga en cuenta que la reserva no ser\u00e1 confirmada hasta que el cliente haya recibido un email de confirmaci\u00f3n. En caso de no recibir dicho email deber\u00e1 ponerse en contacto con nosotros por los medios arriba indicados.<\/p>\n<p>El procedimiento de reserva ser\u00e1 en el idioma espa\u00f1ol.<\/p>\n<p>Para conocer las condiciones de cancelaci\u00f3n, lea el punto&nbsp;10. POL\u00cdTICA DE CANCELACION Y REEMBOLSO&nbsp;de este documento.<\/p>\n<h4>6. CONDICIONES DE LA RESERVA<\/h4>\n<p>El cliente reconoce y tiene claro que el presente contrato no es un contrato de alquiler de vivienda, es un contrato de alquiler tur\u00edstico. El total de plazas ocupadas depender\u00e1 del alojamiento elegido. El cliente no puede alojar un mayor n\u00famero de personas que lo aqu\u00ed pactado. No se permite invitar a hacer uso de las instalaciones a otras personas que no figuran en el total de plazas ocupadas de este contrato, a no ser que se solicite a la propiedad (con un coste extra a convenir).<\/p>\n<p>El sistema de reservas le indicar\u00e1 para las fechas elegidas si la estancia m\u00ednima es v\u00e1lida en casa caso.<\/p>\n<p>La tarifa incluye la ropa de casa (s\u00e1banas y toallas) y la limpieza final del alojamiento.<\/p>\n<p>Art\u00edculos de cortes\u00eda a disposici\u00f3n del cliente: esenciales para cocinar (sal, pimienta, aceite, vinagre\u2026), trapos y papel de cocina, mantel, bolsas de basura y utensilios de limpieza (jab\u00f3n platos, jab\u00f3n lavavajillas), jab\u00f3n de manos y papel WC.<\/p>\n<p>La propiedad ha mostrado el establecimiento al cliente antes de ocuparlo, y \u00e9ste est\u00e1 de acuerdo con el estado de higiene del mismo, as\u00ed como en su contenido material y precio.<\/p>\n<p>La empresa o persona encargada tiene derecho a entrar en el establecimiento, bien sea para hacer comprobaciones rutinarias del estado del mismo, bien por causa mayor o de otros inconvenientes. El cliente es responsable de los da\u00f1os que pueda ocasionar durante la estancia. Cualquier problema en aparatos o servicios que pueda presentarse en el establecimiento, se comunicar\u00e1 al propietario.<\/p>\n<p>En caso de apreciar desperfecto, se detallar\u00e1 con precisi\u00f3n y de comunicar\u00e1 al usuario el desperfecto o da\u00f1o y la evaluaci\u00f3n econ\u00f3mica del mismo.<\/p>\n<p>Entradas y salidas:<\/p>\n<ul>\n<li>Check-in: 15:00h &#8211; 20:00h.<\/li>\n<li>Check-out: 08:00h &#8211; 12:00h.<\/li>\n<\/ul>\n<p>Por favor, aseg\u00farese de informarnos la hora aproximada de llegada y sobre todo si est\u00e1 prevista para m\u00e1s tarde de las 20:00 h, para que podamos planificar el check-in y mantenerle informado sobre cualquier retraso o cambio. Se usar\u00e1 el n\u00famero de tel\u00e9fono o el email facilitado en la reserva en el caso de que necesitemos comunicarnos con usted.<\/p>\n<p>Se le informar\u00e1 antes de su llegada con informaci\u00f3n m\u00e1s detallada para el d\u00eda de su llegada al alojamiento.<\/p>\n<p>El d\u00eda de salida, el alojamiento quedar\u00e1 libre a las 11:00 h. sin embargo, si los hu\u00e9spedes desean entrar o salir del alojamiento&nbsp;en horarios diferentes, lo podr\u00e1n hacer con previo acuerdo y siempre y cuando la misma no vaya a ser ocupada por otro cliente ese mismo d\u00eda.<\/p>\n<p>Si necesita salir m\u00e1s tarde por favor pregunte en el momento del check-in si esto es posible. Trataremos de dar cabida a su petici\u00f3n. Cualquier salida a partir de las 20:00 horas estar\u00e1 sujeta a la totalidad del precio por noche.<\/p>\n<p>Si los clientes tuviesen que abandonar la casa, por cualquier circunstancia, antes de la fecha previamente contratada, no tendr\u00e1n derecho a la devoluci\u00f3n total o parcial del importe abonado.<\/p>\n<p>Aloha Vera tiene Hojas de Reclamaciones a disposici\u00f3n de los clientes, de acuerdo con la normativa vigente, con el fin de que puedan dejar constancia de sus quejas.<\/p>\n<h4>7. NORMAS DEL ALOJAMIENTO<\/h4>\n<p>&#8211; Las instalaciones se mantendr\u00e1n en perfecto uso, tal y como han sido entregadas, no pudi\u00e9ndose mover ni el mobiliario, ni los electrodom\u00e9sticos, ni los equipos de su lugar original. Si se produce alguna aver\u00eda o rotura se comunicar\u00e1 a los titulares de la casa en el menor plazo posible.<\/p>\n<p>&#8211; Los clientes alojados con mascota, ser\u00e1n los responsables, en todo momento, de los actos y da\u00f1os del animal. Adem\u00e1s, impedir\u00e1n a \u00e9ste que se suba a los sillones, a las camas y que utilicen las alfombras de las habitaciones para dormir. Deber\u00e1n recoger las deyecciones que efect\u00fae la mascota.<\/p>\n<p>&#8211; Se debe respetar la tranquilidad del lugar, evitando ocasionar molestias a los vecinos del pueblo. La casa no se alquila para fiestas, despedidas de soltero o similares. No est\u00e1 permitido el uso de Karaokes y amplificadores.<\/p>\n<p>&#8211; En cumplimiento de la legislaci\u00f3n vigente, no est\u00e1 permitido fumar en el interior de la casa.<\/p>\n<p>&#8211; El jard\u00edn se mantendr\u00e1 perfectamente limpio, sin tirar colillas, papeles, etc., y se respetar\u00e1n las plantas que en \u00e9l se encuentren.<\/p>\n<p>&#8211; \u00danicamente se permitir\u00e1 hacer fuego en los lugares acondicionados a tal efecto, la barbacoa y la chimenea, extremando al m\u00e1ximo las medidas de seguridad. En verano, se permitir\u00e1 usando carb\u00f3n vegetal y no le\u00f1a, y siempre que no haya una prohibici\u00f3n expresa de las Autoridades Competentes.<\/p>\n<p><b>Limpieza:<\/b><\/p>\n<p>&#8211; La casa es de alquiler completo, por tanto, se entregar\u00e1 completamente limpia y no se efectuar\u00e1 ninguna limpieza mientras dure la estancia. Al marcharse los clientes deben dejar la casa limpia.<\/p>\n<p>&#8211; Si la estancia en la casa es superior a 7 d\u00edas (6 noches) se efectuar\u00e1 un cambio de ropa de cama y lencer\u00eda de ba\u00f1o.<\/p>\n<p>&#8211; Se proporciona un equipamiento completo para la cocina: vajilla, bater\u00eda de cocina, cristaler\u00eda, cuberter\u00eda y enseres de cocina. Deber\u00e1n dejarse limpios y correctamente colocados, cada uno en su lugar correspondiente.<\/p>\n<p>&#8211; Deposite las basuras, envases, vidrio y papel, en los contenedores pertinentes ubicados en el pueblo.<\/p>\n<p>&#8211; No tirar por los desag\u00fces: aceites, pl\u00e1sticos, restos de comidas, etc.<\/p>\n<p>&#8211; Se cobrar\u00e1 un suplemento de limpieza de 50\u20ac por el no cumplimento de las normas de limpieza y mantenimiento.<\/p>\n<p><b>Eficiencia energ\u00e9tica:<\/b><\/p>\n<p>&#8211; El sistema de calefacci\u00f3n calienta toda la casa mediante radiadores y est\u00e1 incluido en el precio de la estancia. Debe hacerse un uso responsable y adecuado de la misma, manteniendo el termostato a una temperatura no superior a 22 grados.<\/p>\n<p>&#8211; La calefacci\u00f3n y el aire acondicionado, los diversos electrodom\u00e9sticos y equipos multimedia proveen de confort y comodidad a los clientes de la casa. Disfr\u00fatelos y haga un uso racional de los mismos, son recursos con un importante coste econ\u00f3mico y ecol\u00f3gico, y su control nos permitir\u00e1 mantener unos precios atractivos.<\/p>\n<p>&#8211; Se deben mantener las luces apagadas de aquellas estancias de la casa que no se utilicen, con el fin de fomentar el ahorro energ\u00e9tico.<\/p>\n<p>&#8211; Cuando se utilice la lavadora, intente hacerlo para una carga completa y utilizando los programas econ\u00f3micos.<\/p>\n<h4>8.FACTURACI\u00d3N Y FORMA DE PAGO<\/h4>\n<p>a) El Cliente recibir\u00e1 una factura en formato digital tras la estancia. El env\u00edo de la misma se remitir\u00e1 a la direcci\u00f3n de correo electr\u00f3nico debidamente indicada por el Cliente.<\/p>\n<p>b) De conformidad con el Real Decreto 1619\/2012 de 30 de noviembre por el que se aprueba el reglamento por el que se regulan las obligaciones de facturaci\u00f3n, la fecha l\u00edmite para la emisi\u00f3n de las facturas por parte de EL ALOJAMIENTO ser\u00e1 el d\u00eda 16 del mes siguiente a aquel en que se haya realizado la compra por parte del Cliente.<\/p>\n<p>c) El pago de las reservas deber\u00e1 realizarse mediante tarjeta bancaria a trav\u00e9s de los m\u00e9todos ya indicados anteriormente.<\/p>\n<p>d) Tanto nuestra web como el sistema de reservas cumplen y trabajan exclusivamente mediante los protocolos SLL para asegurar la m\u00e1xima seguridad en todas las tranferencias de datos.<\/p>\n<p>e) En las pasarelas de pago utilizadas para los pagos se utiliza el sistema 3DSecure redirigiendo los datos a servidores seguros sin que el comercio pueda acceder a ellos o almacenarlos.<\/p>\n<h4>9. DERECHO DE DESISTIMIENTO DE PEDIDOS<\/h4>\n<p>Los servicios ofrecidos en este sitio web constituyen una excepci\u00f3n al derecho de desistimiento de los consumidores y usuarios, al ser un servicio de alojamiento tur\u00edstico, y, por lo tanto, el referido derecho de desistimiento desaparece siendo conocedor el Usuario de dicha circunstancia y acept\u00e1ndola en el momento de realizar la reserva correspondiente (art\u00edculo 103 letra l Real Decreto Legislativo 1\/2007, de 16 de noviembre, por el que se aprueba el texto refundido de la Ley General para la Defensa de los Consumidores y Usuarios y otras leyes complementarias).<\/p>\n<h4>10. POL\u00cdTICA DE CANCELACION Y REEMBOLSO<\/h4>\n<p>Hasta 2 semanas antes, se devolver\u00e1 el 100% de la reserva.<\/p>\n<p>Un cargo del 50% de la reserva se aplicar\u00e1 para las cancelaciones hasta 48 horas antes de la llegada.<\/p>\n<p><span style=\"color: var( --e-global-color-text ); font-family: var( --e-global-typography-text-font-family ), Sans-serif; font-size: var( --e-global-typography-text-font-size ); font-weight: var( --e-global-typography-text-font-weight ); text-align: var(--text-align);\">Se cargar\u00e1 el 80% de la reserva para cancelaciones inferiores a 48 horas.<\/span><\/p>\n<p>Las devoluciones se realizar\u00e1n a trav\u00e9s del mismo m\u00e9todo de pago utilizado para la reserva. El cliente recibir\u00e1 el dinero inmediatamente en la cuenta asociada a la tarjeta con la que se pag\u00f3 la reserva tras la confirmaci\u00f3n de la cancelaci\u00f3n.<\/p>\n<p>Cualquier cancelaci\u00f3n, incluyendo fuerza mayor, estar\u00e1 sujeta a nuestra pol\u00edtica de cancelaci\u00f3n. En caso de fuerza mayor, antes de cancelar la reserva, p\u00f3ngase con contacto con nosotros directamente para intentar buscar una soluci\u00f3n beneficiosa para ambas partes.<\/p>\n<p>En el caso que EL ALOJAMIENTO no pueda proporcionar al cliente la casa que ha reservado por motivos de fuerza mayor, se le comunicar\u00e1 al cliente lo antes posible para intentar buscar una soluci\u00f3n \u00f3ptima para ambas partes. En caso de no llegar a un acuerdo se le devolver\u00e1 el importe \u00edntegro abonado hasta el momento. Todas las cancelaciones o cambios deben hacerse por correo electr\u00f3nico o por tel\u00e9fono.<\/p>\n<p>Interrupci\u00f3n de la estancia: No se realizar\u00e1 devoluci\u00f3n ni abono alguno en caso de interrumpir la estancia en el alojamiento.<\/p>\n<h4>&nbsp;<\/h4>\n<h4>11. PROTECCI\u00d3N DE DATOS DE CAR\u00c1CTER PERSONAL<\/h4>\n<p>Consultar la&nbsp;<a href=\"https:\/\/alohavera.es\/politica-de-privacidad\/\">Pol\u00edtica de Privacidad<\/a>.<\/p>\n<h4>&nbsp;<\/h4>\n<h4>12. COMUNICACIONES Y ATENCI\u00d3N AL CLIENTE<\/h4>\n<p>A los efectos del presente Condiciones General, y para cualquier comunicaci\u00f3n que sea precisa entre EL ALOJAMIENTO y los Usuarios, \u00e9stos deber\u00e1n dirigirse a Aloha Vera mediante correo electr\u00f3nico enviado un mensaje a vive@alohavera.es o bien mediante comunicaci\u00f3n escrita dirigida a&nbsp;C\/Altozano, 10, 10450 Jarandilla de la Vera, C\u00e1ceres, Espa\u00f1a.<\/p>\n<p><\/p>\n<h4>13. PERFECCI\u00d3N DE LOS CONTRATOS<\/h4>\n<p>La validez de los contratos celebrados por v\u00eda telem\u00e1tica queda amparada por el art\u00edculo 23, apartados 1 y 3, de la Ley 34\/2002 de Servicios de la Sociedad de la Informaci\u00f3n y del Comercio Electr\u00f3nico: \u00abLos contratos celebrados por v\u00eda electr\u00f3nica tendr\u00e1n la misma validez y producir\u00e1n todos los efectos del Ordenamiento Jur\u00eddico Civil y Mercantil.\u00bb<\/p>\n<p>El Contrato queda perfeccionado desde el momento en que el cliente manifieste su conformidad con estas condiciones de contrataci\u00f3n al pulsar el bot\u00f3n de Aceptaci\u00f3n y Lectura de dichas condiciones y tras haber cumplimentado correctamente el formulario ofrecido desde el servidor del Sitio Web o tambi\u00e9n por el dep\u00f3sito o remisi\u00f3n de dicha aceptaci\u00f3n por cualquier otro medio electr\u00f3nico o tradicional en las oficinas de la sede.<\/p>\n<p>Tras dicha aceptaci\u00f3n, el cliente recibir\u00e1 notificaci\u00f3n del Sitio Web remitida autom\u00e1ticamente a la direcci\u00f3n de correo electr\u00f3nico que proporcion\u00f3 en la fase de Registro. Este correo electr\u00f3nico ser\u00e1 remitido en un plazo de 24 horas y mostrar\u00e1 la informaci\u00f3n relativa a su registro y la modalidad de la contrataci\u00f3n seleccionada con las condiciones espec\u00edficas que apliquen a cada modalidad en cada momento y que se aceptan junto con estas condiciones generales en el instante de la contrataci\u00f3n. No obstante y trat\u00e1ndose de un elemento t\u00e9cnico y autom\u00e1tico, la recepci\u00f3n de dicho correo electr\u00f3nico puede no tener lugar por causas t\u00e9cnicas ajenas al control del Sitio Web. En estos casos el cliente deber\u00e1 ponerse en contacto con nuestro servicio de atenci\u00f3n al cliente para hacer efectiva la reserva.<\/p>\n<p>El cliente est\u00e1 de acuerdo en que no ser\u00e1 necesario confirmar la recepci\u00f3n de la aceptaci\u00f3n del contrato cuando este se haya celebrado exclusivamente mediante intercambio de correo electr\u00f3nico u otro tipo de comunicaci\u00f3n electr\u00f3nica equivalente, tal y como establece el art\u00edculo 28.3 b) de la Ley 34\/2002 de Servicios de la Sociedad de la Informaci\u00f3n y del Comercio Electr\u00f3nico, as\u00ed como lo establecido en el RD 1906\/1999. Las partes aceptan equiparar jur\u00eddicamente la firma aut\u00f3grafa del cliente a la realizada mediante cualquier tipo de claves, c\u00f3digos o elementos de seguridad identificativos. Sin perjuicio de lo anterior, EL ALOJAMIENTO podr\u00e1 exigir cuando lo considere necesario confirmaci\u00f3n por escrito.<\/p>\n<h4>&nbsp;<\/h4>\n<h4>14. NULIDAD DE LAS CL\u00c1USULAS<\/h4>\n<p>Si cualquier disposici\u00f3n del presente contrato deviene ilegal, carente de validez o por alguna raz\u00f3n es inaplicable, dicha ilegalidad, inaplicabilidad o ausencia de validez quedar\u00e1 limitada exclusivamente a esa disposici\u00f3n y no afectar\u00e1 a la validez ni a la aplicabilidad de las dem\u00e1s disposiciones.<\/p>\n<h4>&nbsp;<\/h4>\n<h4>15. LEGISLACI\u00d3N APLICABLE Y FUERO<\/h4>\n<p>Los conflictos que puedan surgir por la aplicaci\u00f3n de las presentes normas se regir\u00e1n por las leyes de Espa\u00f1a y, en la m\u00e1xima medida permitida por la ley, se someter\u00e1n a los Tribunales a los que quede adscrito el alojamiento.<\/p>\t\t\t\t\t\t\t\t<\/div>\n\t\t\t\t<\/div>\n\t\t\t\t\t<\/div>\n\t\t\t\t<\/div>\n\t\t\t\t<\/div>\n\t\t","protected":false},"excerpt":{"rendered":"<p>T\u00e9rminos y condiciones 1. CONDICIONES GENERALES PREVIAS A LA CONTRATACI\u00d3N a) Estas Condiciones Generales regular\u00e1n expresamente las relaciones comerciales surgidas entre EL ALOJAMIENTO y los Usuarios Particulares que, a trav\u00e9s del sitio web https:\/\/alohavera.es\/ &nbsp;(en adelante, el \u201cSitio Web\u201d) de titularidad de EL ALOJAMIENTO, adquieran los productos que ofrezca en cada momento a los Usuarios [&hellip;]<\/p>\n","protected":false},"author":1,"featured_media":0,"parent":0,"menu_order":0,"comment_status":"closed","ping_status":"closed","template":"elementor_header_footer","meta":{"_seopress_robots_primary_cat":"","_seopress_titles_title":"","_seopress_titles_desc":"","_seopress_robots_index":"","footnotes":""},"class_list":["post-188","page","type-page","status-publish","hentry"],"_links":{"self":[{"href":"https:\/\/alohavera.es\/es\/wp-json\/wp\/v2\/pages\/188","targetHints":{"allow":["GET"]}}],"collection":[{"href":"https:\/\/alohavera.es\/es\/wp-json\/wp\/v2\/pages"}],"about":[{"href":"https:\/\/alohavera.es\/es\/wp-json\/wp\/v2\/types\/page"}],"author":[{"embeddable":true,"href":"https:\/\/alohavera.es\/es\/wp-json\/wp\/v2\/users\/1"}],"replies":[{"embeddable":true,"href":"https:\/\/alohavera.es\/es\/wp-json\/wp\/v2\/comments?post=188"}],"version-history":[{"count":8,"href":"https:\/\/alohavera.es\/es\/wp-json\/wp\/v2\/pages\/188\/revisions"}],"predecessor-version":[{"id":16676,"href":"https:\/\/alohavera.es\/es\/wp-json\/wp\/v2\/pages\/188\/revisions\/16676"}],"wp:attachment":[{"href":"https:\/\/alohavera.es\/es\/wp-json\/wp\/v2\/media?parent=188"}],"curies":[{"name":"wp","href":"https:\/\/api.w.org\/{rel}","templated":true}]}}