{"id":1926,"date":"2022-10-06T02:13:24","date_gmt":"2022-10-06T02:13:24","guid":{"rendered":"https:\/\/alohavera.es\/?page_id=1926"},"modified":"2022-10-20T13:19:44","modified_gmt":"2022-10-20T13:19:44","slug":"aviso-legal","status":"publish","type":"page","link":"https:\/\/alohavera.es\/es\/aviso-legal\/","title":{"rendered":"Aviso legal"},"content":{"rendered":"\t\t<div data-elementor-type=\"wp-page\" data-elementor-id=\"1926\" class=\"elementor elementor-1926\" data-elementor-post-type=\"page\">\n\t\t\t\t\t\t<section class=\"elementor-section elementor-top-section elementor-element elementor-element-bb6ef04 elementor-section-boxed elementor-section-height-default elementor-section-height-default\" data-id=\"bb6ef04\" data-element_type=\"section\" data-e-type=\"section\">\n\t\t\t\t\t\t<div class=\"elementor-container elementor-column-gap-default\">\n\t\t\t\t\t<div class=\"elementor-column elementor-col-100 elementor-top-column elementor-element elementor-element-377c1b9\" data-id=\"377c1b9\" data-element_type=\"column\" data-e-type=\"column\">\n\t\t\t<div class=\"elementor-widget-wrap elementor-element-populated\">\n\t\t\t\t\t\t<section class=\"elementor-section elementor-inner-section elementor-element elementor-element-6443f3d elementor-section-boxed elementor-section-height-default elementor-section-height-default\" data-id=\"6443f3d\" data-element_type=\"section\" data-e-type=\"section\">\n\t\t\t\t\t\t<div class=\"elementor-container elementor-column-gap-default\">\n\t\t\t\t\t<div class=\"elementor-column elementor-col-100 elementor-inner-column elementor-element elementor-element-5c27432\" data-id=\"5c27432\" data-element_type=\"column\" data-e-type=\"column\">\n\t\t\t<div class=\"elementor-widget-wrap elementor-element-populated\">\n\t\t\t\t\t\t<div class=\"elementor-element elementor-element-e2e1485 elementor-widget elementor-widget-heading\" data-id=\"e2e1485\" data-element_type=\"widget\" data-e-type=\"widget\" data-widget_type=\"heading.default\">\n\t\t\t\t<div class=\"elementor-widget-container\">\n\t\t\t\t\t<h2 class=\"elementor-heading-title elementor-size-default\">DATOS DE LA EMPRESA<\/h2>\t\t\t\t<\/div>\n\t\t\t\t<\/div>\n\t\t\t\t<div class=\"elementor-element elementor-element-b0f7067 elementor-widget elementor-widget-text-editor\" data-id=\"b0f7067\" data-element_type=\"widget\" data-e-type=\"widget\" data-widget_type=\"text-editor.default\">\n\t\t\t\t<div class=\"elementor-widget-container\">\n\t\t\t\t\t\t\t\t\t<p>En cumplimiento con el deber de informaci\u00f3n recogido del art\u00edculo 10 de la Ley 34\/2002, del 11 de julio, de servicios de la Sociedad de la Informaci\u00f3n y Comercio Electr\u00f3nico (LSSICE) se exponen a continuaci\u00f3n los datos identificativos de la empresa:<\/p>\n<p>Denominaci\u00f3n social: <b>ALOHA VERA: ESPACIO DE EXPERIENCIAS IDIOM\u00c1TICAS, S.L.<\/b><\/p>\n<p>Domicilio social: <b>Calle Altozano 10, 10450 Jarandilla de la Vera, C\u00e1ceres, Espa\u00f1a.<\/b><\/p>\n<p>Correo electr\u00f3nico: <b>vive@alohavera.es<\/b><\/p>\n<p><\/p>\t\t\t\t\t\t\t\t<\/div>\n\t\t\t\t<\/div>\n\t\t\t\t<div class=\"elementor-element elementor-element-176dbd8 elementor-widget elementor-widget-heading\" data-id=\"176dbd8\" data-element_type=\"widget\" data-e-type=\"widget\" data-widget_type=\"heading.default\">\n\t\t\t\t<div class=\"elementor-widget-container\">\n\t\t\t\t\t<h3 class=\"elementor-heading-title elementor-size-default\">PROPIEDAD INDUSTRIAL E INTELECTUAL<\/h3>\t\t\t\t<\/div>\n\t\t\t\t<\/div>\n\t\t\t\t<div class=\"elementor-element elementor-element-dfd0062 elementor-widget elementor-widget-text-editor\" data-id=\"dfd0062\" data-element_type=\"widget\" data-e-type=\"widget\" data-widget_type=\"text-editor.default\">\n\t\t\t\t<div class=\"elementor-widget-container\">\n\t\t\t\t\t\t\t\t\t<p>El dise\u00f1o de la p\u00e1gina web y sus c\u00f3digos fuente, as\u00ed como los logos, marcas y dem\u00e1s signos distintivos que aparecen en la misma pertenecen a<b> ALOHA VERA: ESPACIO DE EXPERIENCIAS IDIOM\u00c1TICAS, S.L. <\/b>y est\u00e1n protegidos por los correspondientes derechos de propiedad intelectual e industrial.<\/p>\t\t\t\t\t\t\t\t<\/div>\n\t\t\t\t<\/div>\n\t\t\t\t<div class=\"elementor-element elementor-element-806b527 elementor-widget elementor-widget-heading\" data-id=\"806b527\" data-element_type=\"widget\" data-e-type=\"widget\" data-widget_type=\"heading.default\">\n\t\t\t\t<div class=\"elementor-widget-container\">\n\t\t\t\t\t<h3 class=\"elementor-heading-title elementor-size-default\">USUARIOS\n\n<\/h3>\t\t\t\t<\/div>\n\t\t\t\t<\/div>\n\t\t\t\t<div class=\"elementor-element elementor-element-8b2ebd6 elementor-widget elementor-widget-text-editor\" data-id=\"8b2ebd6\" data-element_type=\"widget\" data-e-type=\"widget\" data-widget_type=\"text-editor.default\">\n\t\t\t\t<div class=\"elementor-widget-container\">\n\t\t\t\t\t\t\t\t\t<p>El acceso y\/o uso de este portal atribuye la condici\u00f3n de Usuario, que acepta los t\u00e9rminos y condiciones generales de uso para poder usar todos los servicios e informaci\u00f3n que se facilitan desde el portal. Dichas condiciones se exponen a continuaci\u00f3n:<\/p>\t\t\t\t\t\t\t\t<\/div>\n\t\t\t\t<\/div>\n\t\t\t\t<div class=\"elementor-element elementor-element-c4259e2 elementor-widget elementor-widget-heading\" data-id=\"c4259e2\" data-element_type=\"widget\" data-e-type=\"widget\" data-widget_type=\"heading.default\">\n\t\t\t\t<div class=\"elementor-widget-container\">\n\t\t\t\t\t<h3 class=\"elementor-heading-title elementor-size-default\">T\u00c9RMINOS Y CONDICIONES\n<\/h3>\t\t\t\t<\/div>\n\t\t\t\t<\/div>\n\t\t\t\t<div class=\"elementor-element elementor-element-8b7403d elementor-widget elementor-widget-text-editor\" data-id=\"8b7403d\" data-element_type=\"widget\" data-e-type=\"widget\" data-widget_type=\"text-editor.default\">\n\t\t\t\t<div class=\"elementor-widget-container\">\n\t\t\t\t\t\t\t\t\t<p>Las presentes condiciones de uso de la p\u00e1gina web (en lo sucesivo, tambi\u00e9n denominado portal) regulan los t\u00e9rminos de acceso y uso del portal de <b>ALOHA VERA: ESPACIO DE EXPERIENCIAS IDIOM\u00c1TICAS, S.L.\u00a0 <\/b>El mero acceso o utilizaci\u00f3n del portal, de todos o parte de sus contenidos y servicios significa la plena y expresa aceptaci\u00f3n de las presentes condiciones de uso. La puesta a disposici\u00f3n y el uso del portal se entiende sometida al estricto cumplimiento de los t\u00e9rminos recogidos en las presentes condiciones de uso del portal y los servicios puestos a disposici\u00f3n de los usuarios en y\/o a trav\u00e9s del portal, bien por el portal, bien por sus usuarios o por cualquier tercero. No obstante, el acceso y la utilizaci\u00f3n de ciertos contenidos y\/o servicios pueden encontrarse sometidos a determinadas condiciones espec\u00edficas.<\/p><p>La empresa se reserva la facultad de modificar en cualquier momento las condiciones generales de uso del portal. En todo caso, se recomienda que consulte peri\u00f3dicamente las presentes condiciones generales de uso del portal, ya que pueden ser modificadas.<\/p>\t\t\t\t\t\t\t\t<\/div>\n\t\t\t\t<\/div>\n\t\t\t\t<div class=\"elementor-element elementor-element-3c752aa elementor-widget elementor-widget-heading\" data-id=\"3c752aa\" data-element_type=\"widget\" data-e-type=\"widget\" data-widget_type=\"heading.default\">\n\t\t\t\t<div class=\"elementor-widget-container\">\n\t\t\t\t\t<h3 class=\"elementor-heading-title elementor-size-default\">OBLIGACIONES DEL USUARIO\n<\/h3>\t\t\t\t<\/div>\n\t\t\t\t<\/div>\n\t\t\t\t<div class=\"elementor-element elementor-element-1856599 elementor-widget elementor-widget-text-editor\" data-id=\"1856599\" data-element_type=\"widget\" data-e-type=\"widget\" data-widget_type=\"text-editor.default\">\n\t\t\t\t<div class=\"elementor-widget-container\">\n\t\t\t\t\t\t\t\t\t<p>El usuario deber\u00e1 respetar en todo momento los t\u00e9rminos y condiciones establecidos en el presente aviso legal. De forma expresa el usuario manifiesta que utilizar\u00e1 el portal de forma diligente y asumiendo cualquier responsabilidad que pudiera derivarse del incumplimiento de las normas.<\/p><p>El usuario se obliga, en aquellos casos que se le soliciten datos o informaci\u00f3n, a no falsear su identidad haci\u00e9ndose pasar por cualquier otra persona. El usuario acepta que la utilizaci\u00f3n del portal ser\u00e1 efectuada con fines estrictamente personales, privados y particulares. El usuario no podr\u00e1 utilizar el portal para actividades contrarias a la ley, la moral y el orden p\u00fablico as\u00ed como para finalidades prohibidas o que vulneren o lesionen derechos de terceros. Asimismo, queda prohibida la difusi\u00f3n, almacenamiento y\/o gesti\u00f3n de datos o contenidos que infrinjan derechos de terceros o cualesquiera normativas reguladoras de derechos de propiedad intelectual o industrial.<\/p><p>As\u00ed mismo, el usuario no podr\u00e1 utilizar el portal para transmitir, almacenar, divulgar promover o distribuir datos o contenidos que sean portadores de virus o cualquier otro c\u00f3digo inform\u00e1tico, archivos o programas dise\u00f1ados para interrumpir, destruir o perjudicar el funcionamiento de cualquier programa o equipo inform\u00e1tico o de telecomunicaciones.<\/p><p>El usuario se obliga a indemnizar y a mantener indemnes al portal por cualquier da\u00f1o, perjuicio, sanci\u00f3n, multa, pena o indemnizaci\u00f3n que tenga que hacer frente el portal por su indebida utilizaci\u00f3n por el usuario.<\/p>\t\t\t\t\t\t\t\t<\/div>\n\t\t\t\t<\/div>\n\t\t\t\t\t<\/div>\n\t\t<\/div>\n\t\t\t\t\t<\/div>\n\t\t<\/section>\n\t\t\t\t\t<\/div>\n\t\t<\/div>\n\t\t\t\t\t<\/div>\n\t\t<\/section>\n\t\t\t\t<\/div>\n\t\t","protected":false},"excerpt":{"rendered":"<p>DATOS DE LA EMPRESA En cumplimiento con el deber de informaci\u00f3n recogido del art\u00edculo 10 de la Ley 34\/2002, del 11 de julio, de servicios de la Sociedad de la Informaci\u00f3n y Comercio Electr\u00f3nico (LSSICE) se exponen a continuaci\u00f3n los datos identificativos de la empresa: Denominaci\u00f3n social: ALOHA VERA: ESPACIO DE EXPERIENCIAS IDIOM\u00c1TICAS, S.L. Domicilio [&hellip;]<\/p>\n","protected":false},"author":1,"featured_media":0,"parent":0,"menu_order":0,"comment_status":"closed","ping_status":"closed","template":"elementor_header_footer","meta":{"_seopress_robots_primary_cat":"","_seopress_titles_title":"","_seopress_titles_desc":"","_seopress_robots_index":"","footnotes":""},"class_list":["post-1926","page","type-page","status-publish","hentry"],"_links":{"self":[{"href":"https:\/\/alohavera.es\/es\/wp-json\/wp\/v2\/pages\/1926","targetHints":{"allow":["GET"]}}],"collection":[{"href":"https:\/\/alohavera.es\/es\/wp-json\/wp\/v2\/pages"}],"about":[{"href":"https:\/\/alohavera.es\/es\/wp-json\/wp\/v2\/types\/page"}],"author":[{"embeddable":true,"href":"https:\/\/alohavera.es\/es\/wp-json\/wp\/v2\/users\/1"}],"replies":[{"embeddable":true,"href":"https:\/\/alohavera.es\/es\/wp-json\/wp\/v2\/comments?post=1926"}],"version-history":[{"count":5,"href":"https:\/\/alohavera.es\/es\/wp-json\/wp\/v2\/pages\/1926\/revisions"}],"predecessor-version":[{"id":2079,"href":"https:\/\/alohavera.es\/es\/wp-json\/wp\/v2\/pages\/1926\/revisions\/2079"}],"wp:attachment":[{"href":"https:\/\/alohavera.es\/es\/wp-json\/wp\/v2\/media?parent=1926"}],"curies":[{"name":"wp","href":"https:\/\/api.w.org\/{rel}","templated":true}]}}