{"id":5875,"date":"2023-11-30T22:06:08","date_gmt":"2023-11-30T22:06:08","guid":{"rendered":"https:\/\/alohavera.es\/?page_id=5875"},"modified":"2023-11-30T22:06:09","modified_gmt":"2023-11-30T22:06:09","slug":"mapa-del-sitio","status":"publish","type":"page","link":"https:\/\/alohavera.es\/es\/mapa-del-sitio\/","title":{"rendered":"Mapa del Sitio"},"content":{"rendered":"<div class=\"wrap-html-sitemap sp-html-sitemap\"><div class=\"sp-wrap-cpt\"><h2 class=\"sp-cpt-name\">P\u00e1ginas<\/h2><ul class=\"sp-list-posts sp-cpt-hierarchical\"><li class=\"page_item page-item-28\"><a href=\"https:\/\/alohavera.es\/es\/inicio\/\">Aloha Vera Experiencias Idiom\u00e1ticas<\/a><\/li><li class=\"page_item page-item-4508\"><a href=\"https:\/\/alohavera.es\/es\/alojamientos\/\">Alojamientos<\/a><\/li><li class=\"page_item page-item-4634\"><a href=\"https:\/\/alohavera.es\/es\/actividades\/\">Actividades<\/a><\/li><li class=\"page_item page-item-5875\"><a href=\"https:\/\/alohavera.es\/es\/mapa-del-sitio\/\">Mapa del Sitio<\/a><\/li><li class=\"page_item page-item-7005\"><a href=\"https:\/\/alohavera.es\/es\/que-ofrecemos\/\">\u00bfQu\u00e9 ofrecemos?<\/a><\/li><li class=\"page_item page-item-10493\"><a href=\"https:\/\/alohavera.es\/es\/landing-retiro-de-idioma\/\">Landing Retiro Idiomatico<\/a><\/li><li class=\"page_item page-item-16665\"><a href=\"https:\/\/alohavera.es\/es\/politica-de-cookies\/\">Pol\u00edtica de cookies<\/a><\/li><li class=\"page_item page-item-40370\"><a href=\"https:\/\/alohavera.es\/es\/landing-language-retreat-b\/\">Landing Language Retreat &#8211; B<\/a><\/li><li class=\"page_item page-item-41722\"><a href=\"https:\/\/alohavera.es\/es\/\">Aloha Vera Experiencias Idiom\u00e1ticas &#8211; 2026<\/a><\/li><li class=\"page_item page-item-54595\"><a href=\"https:\/\/alohavera.es\/es\/carrito\/\">Carrito<\/a><\/li><li class=\"page_item page-item-3776\"><a href=\"https:\/\/alohavera.es\/es\/sitemap\/\">Sitemap<\/a><\/li><li class=\"page_item page-item-3724\"><a href=\"https:\/\/alohavera.es\/es\/newsletter\/\">Newsletter<\/a><\/li><li class=\"page_item page-item-3173\"><a href=\"https:\/\/alohavera.es\/es\/contacto\/\">Contacto<\/a><\/li><li class=\"page_item page-item-178 current_page_parent\"><a href=\"https:\/\/alohavera.es\/es\/blog\/\">Blog<\/a><\/li><li class=\"page_item page-item-180\"><a href=\"https:\/\/alohavera.es\/es\/sobre-aloha\/\">Sobre nosotras<\/a><\/li><li class=\"page_item page-item-184\"><a href=\"https:\/\/alohavera.es\/es\/politica-de-privacidad\/\">Pol\u00edtica de privacidad<\/a><\/li><li class=\"page_item page-item-188\"><a href=\"https:\/\/alohavera.es\/es\/terminos-y-condiciones\/\">T\u00e9rminos y condiciones<\/a><\/li><li class=\"page_item page-item-190\"><a href=\"https:\/\/alohavera.es\/es\/donde-estamos\/\">\u00bfD\u00f3nde estamos?<\/a><\/li><li class=\"page_item page-item-1246\"><a href=\"https:\/\/alohavera.es\/es\/unete-a-aloha-vera\/\">Unete a Aloha Vera<\/a><\/li><li class=\"page_item page-item-1926\"><a href=\"https:\/\/alohavera.es\/es\/aviso-legal\/\">Aviso legal<\/a><\/li><li class=\"page_item page-item-2498\"><a href=\"https:\/\/alohavera.es\/es\/mantenimiento-2\/\">Mantenimiento<\/a><\/li><li class=\"page_item page-item-2851\"><a href=\"https:\/\/alohavera.es\/es\/detalles-precios\/\">Detalles y precios<\/a><\/li><li class=\"page_item page-item-54597\"><a href=\"https:\/\/alohavera.es\/es\/finalizar-compra\/\">Finalizar compra<\/a><\/li><\/ul><\/div><div class=\"sp-wrap-cpt\"><h2 class=\"sp-cpt-name\">Entradas<\/h2><div class=\"sp-wrap-cats\"><div class=\"sp-wrap-cat\"><h3 class=\"sp-cat-name\"><a href=\"https:\/\/alohavera.es\/es\/category\/aloha-vera\/\">Aloha Vera<\/a><\/h3><ul class=\"sp-list-posts\"><li><a href=\"https:\/\/alohavera.es\/es\/aloha-vera-logra-el-tercer-puesto-en-los-premios-pie\/\">Aloha Vera logra el tercer puesto en los Premios PIE<\/a> - 12 diciembre 2022<\/li><\/ul><\/div><div class=\"sp-wrap-cat\"><h3 class=\"sp-cat-name\"><a href=\"https:\/\/alohavera.es\/es\/category\/cultura\/\">Cultura<\/a><\/h3><\/div><div class=\"sp-wrap-cat\"><h3 class=\"sp-cat-name\"><a href=\"https:\/\/alohavera.es\/es\/category\/experiencias\/\">Experiencias<\/a><\/h3><\/div><div class=\"sp-wrap-cat\"><h3 class=\"sp-cat-name\"><a href=\"https:\/\/alohavera.es\/es\/category\/gastronomia\/\">Gastronom\u00eda<\/a><\/h3><ul class=\"sp-list-posts\"><li><a href=\"https:\/\/alohavera.es\/es\/de-la-tradicion-de-extremadura-al-plato\/\">De la tradici\u00f3n de Extremadura al plato<\/a> - 3 marzo 2026<\/li><li><a href=\"https:\/\/alohavera.es\/es\/un-viaje-por-el-mundo-de-los-quesos-cacerenos\/\">Un viaje por el mundo de los quesos cacere\u00f1os<\/a> - 26 febrero 2026<\/li><\/ul><\/div><div class=\"sp-wrap-cat\"><h3 class=\"sp-cat-name\"><a href=\"https:\/\/alohavera.es\/es\/category\/naturaleza\/\">Naturaleza<\/a><\/h3><\/div><\/div><\/div><div class=\"sp-wrap-cpt\"><ul class=\"sp-list-posts\"><li><a href=\"https:\/\/alohavera.es\/?p=4478\">Tasting of Extremaduran wines. Wine tourism in its purest form<\/a> - 23 enero 2023<\/li><li><a href=\"https:\/\/alohavera.es\/fr\/?p=4485\">Randonn\u00e9e linguistique Appropriez-vous la langue!<\/a> - 23 enero 2023<\/li><li><a href=\"https:\/\/alohavera.es\/?p=5001\">Pitarra wine tasting<\/a> - 24 mayo 2023<\/li><li><a href=\"https:\/\/alohavera.es\/es\/?p=5310\">Visita Monfrag\u00fce<\/a> - 22 agosto 2023<\/li><li><a href=\"https:\/\/alohavera.es\/fr\/?p=4484\">D\u00e9gustation de vins d\u2019Estr\u00e9madure. L\u2019oenotourisme \u00e0 l\u2019\u00e9tat pur<\/a> - 23 enero 2023<\/li><li><a href=\"https:\/\/alohavera.es\/es\/?p=2590\">Pirag\u00fcismo sobre aguas tranquilas del R\u00edo Ti\u00e9tar<\/a> - 23 enero 2023<\/li><li><a href=\"https:\/\/alohavera.es\/fr\/?p=5002\">D\u00e9gustation de vin Pitarra<\/a> - 24 mayo 2023<\/li><li><a href=\"https:\/\/alohavera.es\/es\/?p=5324\">Rutas en Bicicleta<\/a> - 29 agosto 2023<\/li><li><a href=\"https:\/\/alohavera.es\/es\/?p=2570\">4\u00d74 en el para\u00edso terrenal<\/a> - 23 enero 2023<\/li><li><a href=\"https:\/\/alohavera.es\/?p=4491\">Canoeing on calm waters of the Ti\u00e9tar River<\/a> - 23 enero 2023<\/li><li><a href=\"https:\/\/alohavera.es\/es\/?p=4870\">Cocina t\u00edpica Extreme\u00f1a. Descubre nuestra gastronom\u00eda<\/a> - 5 junio 2023<\/li><li><a href=\"https:\/\/alohavera.es\/?p=6303\">Bike Routes<\/a> - 29 agosto 2023<\/li><li><a href=\"https:\/\/alohavera.es\/?p=4502\">4\u00d74 in the earthly paradise<\/a> - 23 enero 2023<\/li><li><a href=\"https:\/\/alohavera.es\/fr\/?p=4495\">Cano\u00eb sur les eaux calmes de la rivi\u00e8re Ti\u00e9tar<\/a> - 23 enero 2023<\/li><li><a href=\"https:\/\/alohavera.es\/?p=4999\">Typical Extremaduran cuisine. Discover our gastronomy<\/a> - 5 junio 2023<\/li><li><a href=\"https:\/\/alohavera.es\/es\/?p=5339\">Visita el Valle del Jerte<\/a> - 29 agosto 2023<\/li><li><a href=\"https:\/\/alohavera.es\/fr\/?p=4503\">4\u00d74 Dans le paradis terrestre<\/a> - 23 enero 2023<\/li><li><a href=\"https:\/\/alohavera.es\/?p=4482\">Translation and interpreting workshop<\/a> - 23 enero 2023<\/li><li><a href=\"https:\/\/alohavera.es\/fr\/?p=5000\">Cuisine typique d\u2019Estr\u00e9madure. D\u00e9couvrez notre gastronomie<\/a> - 5 junio 2023<\/li><li><a href=\"https:\/\/alohavera.es\/?p=6304\">Visit the Jerte Valley<\/a> - 29 agosto 2023<\/li><li><a href=\"https:\/\/alohavera.es\/es\/?p=2574\">Aventuras a caballo en plena naturaleza de la Vera<\/a> - 23 enero 2023<\/li><li><a href=\"https:\/\/alohavera.es\/fr\/?p=4486\">Atelier de traduction et d\u2019interpr\u00e9tation<\/a> - 23 enero 2023<\/li><li><a href=\"https:\/\/alohavera.es\/es\/?p=4905\">Ruta de las Fortalezas<\/a> - 9 junio 2023<\/li><li><a href=\"https:\/\/alohavera.es\/es\/?p=5352\">Visita una Finca Ecol\u00f3gica<\/a> - 30 agosto 2023<\/li><li><a href=\"https:\/\/alohavera.es\/?p=4500\">Adventures on horseback in the middle of nature of La Vera<\/a> - 23 enero 2023<\/li><li><a href=\"https:\/\/alohavera.es\/es\/?p=2595\">Un cementerio alem\u00e1n en plena naturaleza Verata<\/a> - 23 enero 2023<\/li><li><a href=\"https:\/\/alohavera.es\/?p=4997\">Route of the Strengths<\/a> - 9 junio 2023<\/li><li><a href=\"https:\/\/alohavera.es\/fr\/?p=4501\">Aventures \u00e0 cheval au milieu de la nature de La Vera<\/a> - 23 enero 2023<\/li><li><a href=\"https:\/\/alohavera.es\/fr\/?p=4480\">Un cimeti\u00e8re allemand au milieu de la nature de Verata<\/a> - 23 enero 2023<\/li><li><a href=\"https:\/\/alohavera.es\/fr\/?p=4998\">Route des forces<\/a> - 9 junio 2023<\/li><li><a href=\"https:\/\/alohavera.es\/es\/?p=2577\">Cuarteto verato, incre\u00edbles pueblos Extreme\u00f1os en la Vera<\/a> - 23 enero 2023<\/li><li><a href=\"https:\/\/alohavera.es\/?p=4496\">A German cemetery in the middle of Verata nature<\/a> - 23 enero 2023<\/li><li><a href=\"https:\/\/alohavera.es\/es\/?p=4921\">Ruta de los Descubridores<\/a> - 13 junio 2023<\/li><li><a href=\"https:\/\/alohavera.es\/es\/?p=2555\">Naturaleza que vuela. Observaci\u00f3n de P\u00e1jaros en la Vera<\/a> - 22 enero 2023<\/li><li><a href=\"https:\/\/alohavera.es\/?p=4498\">Cuarteto verato, incredible Extremaduran villages in La Vera<\/a> - 23 enero 2023<\/li><li><a href=\"https:\/\/alohavera.es\/es\/?p=2596\">Oro Dorado: Aceite de Oliva Virgen Extra de Extremadura<\/a> - 23 enero 2023<\/li><li><a href=\"https:\/\/alohavera.es\/?p=4995\">Route of the Discoverers<\/a> - 13 junio 2023<\/li><li><a href=\"https:\/\/alohavera.es\/fr\/?p=4487\">La nature qui vole. Observation des oiseaux \u00e0 La Vera<\/a> - 22 enero 2023<\/li><li><a href=\"https:\/\/alohavera.es\/fr\/?p=4499\">Cuarteto verato, incroyables villages d\u2019Estr\u00e9madure \u00e0 La Vera<\/a> - 23 enero 2023<\/li><li><a href=\"https:\/\/alohavera.es\/?p=4488\">Oro Dorado: Extra Virgin Olive Oil from Extremadura<\/a> - 23 enero 2023<\/li><li><a href=\"https:\/\/alohavera.es\/fr\/?p=4996\">Route des D\u00e9couvreurs<\/a> - 13 junio 2023<\/li><li><a href=\"https:\/\/alohavera.es\/?p=4497\">Nature that flies. Bird Watching in La Vera<\/a> - 22 enero 2023<\/li><li><a href=\"https:\/\/alohavera.es\/es\/?p=2578\">Ruta de los Monarcas. Ruta del Emperador Carlos V<\/a> - 23 enero 2023<\/li><li><a href=\"https:\/\/alohavera.es\/fr\/?p=4492\">Oro Dorado: Huile d\u2019olive extra vierge d\u2019Estr\u00e9madure<\/a> - 23 enero 2023<\/li><li><a href=\"https:\/\/alohavera.es\/es\/?p=5003\">Ruta de las Juder\u00edas<\/a> - 14 junio 2023<\/li><li><a href=\"https:\/\/alohavera.es\/es\/?p=2561\">Degustaci\u00f3n de quesos extreme\u00f1os. \u00a1Se activan nuestras papilas gustativas!<\/a> - 23 enero 2023<\/li><li><a href=\"https:\/\/alohavera.es\/?p=4489\">Route of the Monarchs. Route of Emperor Charles V<\/a> - 23 enero 2023<\/li><li><a href=\"https:\/\/alohavera.es\/es\/?p=2599\">Oro rojo, el piment\u00f3n de la Vera<\/a> - 23 enero 2023<\/li><li><a href=\"https:\/\/alohavera.es\/?p=6255\">Route of the Jewish Quarters<\/a> - 14 junio 2023<\/li><li><a href=\"https:\/\/alohavera.es\/?p=4490\">Tasting of Extremaduran cheeses. Our taste buds are activated!<\/a> - 23 enero 2023<\/li><li><a href=\"https:\/\/alohavera.es\/fr\/?p=4493\">Route des monarques. Route de l\u2019empereur Charles Quint<\/a> - 23 enero 2023<\/li><li><a href=\"https:\/\/alohavera.es\/?p=4479\">Red gold, the paprika of La Vera<\/a> - 23 enero 2023<\/li><li><a href=\"https:\/\/alohavera.es\/fr\/?p=6256\">Route des quartiers juifs<\/a> - 14 junio 2023<\/li><li><a href=\"https:\/\/alohavera.es\/fr\/?p=4494\">D\u00e9gustation de fromages d\u2019Estr\u00e9madure. Nos papilles gustatives sont activ\u00e9es !<\/a> - 23 enero 2023<\/li><li><a href=\"https:\/\/alohavera.es\/es\/?p=2589\">Senderismo idiom\u00e1tico \u00a1Apr\u00f3piate del lenguaje!<\/a> - 23 enero 2023<\/li><li><a href=\"https:\/\/alohavera.es\/fr\/?p=4483\">L\u2019or rouge, le paprika de La Vera<\/a> - 23 enero 2023<\/li><li><a href=\"https:\/\/alohavera.es\/es\/?p=5019\">Ruta por C\u00e1ceres<\/a> - 21 julio 2023<\/li><li><a href=\"https:\/\/alohavera.es\/es\/?p=2566\">Degustaci\u00f3n de vinos extreme\u00f1os. Enoturismo en estado puro<\/a> - 23 enero 2023<\/li><li><a href=\"https:\/\/alohavera.es\/?p=4481\">Language hiking Take ownership of the language!<\/a> - 23 enero 2023<\/li><li><a href=\"https:\/\/alohavera.es\/es\/?p=4719\">Degustaci\u00f3n de vinos de Pitarra<\/a> - 24 mayo 2023<\/li><li><a href=\"https:\/\/alohavera.es\/es\/?p=5266\">Ruta por M\u00e9rida<\/a> - 27 julio 2023<\/li><\/ul><\/div><\/div>\n","protected":false},"excerpt":{"rendered":"","protected":false},"author":2,"featured_media":0,"parent":0,"menu_order":0,"comment_status":"closed","ping_status":"closed","template":"","meta":{"_seopress_robots_primary_cat":"","_seopress_titles_title":"","_seopress_titles_desc":"","_seopress_robots_index":"","footnotes":""},"class_list":["post-5875","page","type-page","status-publish","hentry"],"_links":{"self":[{"href":"https:\/\/alohavera.es\/es\/wp-json\/wp\/v2\/pages\/5875","targetHints":{"allow":["GET"]}}],"collection":[{"href":"https:\/\/alohavera.es\/es\/wp-json\/wp\/v2\/pages"}],"about":[{"href":"https:\/\/alohavera.es\/es\/wp-json\/wp\/v2\/types\/page"}],"author":[{"embeddable":true,"href":"https:\/\/alohavera.es\/es\/wp-json\/wp\/v2\/users\/2"}],"replies":[{"embeddable":true,"href":"https:\/\/alohavera.es\/es\/wp-json\/wp\/v2\/comments?post=5875"}],"version-history":[{"count":1,"href":"https:\/\/alohavera.es\/es\/wp-json\/wp\/v2\/pages\/5875\/revisions"}],"predecessor-version":[{"id":5876,"href":"https:\/\/alohavera.es\/es\/wp-json\/wp\/v2\/pages\/5875\/revisions\/5876"}],"wp:attachment":[{"href":"https:\/\/alohavera.es\/es\/wp-json\/wp\/v2\/media?parent=5875"}],"curies":[{"name":"wp","href":"https:\/\/api.w.org\/{rel}","templated":true}]}}