{"id":4188,"date":"2023-02-07T09:29:17","date_gmt":"2023-02-07T09:29:17","guid":{"rendered":"https:\/\/alohavera.es\/contact\/"},"modified":"2024-06-07T10:25:49","modified_gmt":"2024-06-07T10:25:49","slug":"contact","status":"publish","type":"page","link":"https:\/\/alohavera.es\/fr\/contact\/","title":{"rendered":"Contact"},"content":{"rendered":"\t\t<div data-elementor-type=\"wp-page\" data-elementor-id=\"4188\" class=\"elementor elementor-4188 elementor-3173\" data-elementor-post-type=\"page\">\n\t\t\t\t<div class=\"elementor-element elementor-element-5a561fc e-flex e-con-boxed e-con e-parent\" data-id=\"5a561fc\" data-element_type=\"container\" data-e-type=\"container\" data-settings=\"{&quot;background_background&quot;:&quot;classic&quot;}\">\n\t\t\t\t\t<div class=\"e-con-inner\">\n\t\t<div class=\"elementor-element elementor-element-3ec04ba e-con-full e-flex e-con e-child\" data-id=\"3ec04ba\" data-element_type=\"container\" data-e-type=\"container\">\n\t\t<div class=\"elementor-element elementor-element-9f4959f e-con-full e-flex e-con e-child\" data-id=\"9f4959f\" data-element_type=\"container\" data-e-type=\"container\" data-settings=\"{&quot;background_background&quot;:&quot;classic&quot;}\">\n\t\t<div class=\"elementor-element elementor-element-b6bea02 animated-slow e-con-full e-flex elementor-invisible e-con e-child\" data-id=\"b6bea02\" data-element_type=\"container\" data-e-type=\"container\" data-settings=\"{&quot;animation&quot;:&quot;fadeIn&quot;,&quot;animation_delay&quot;:200}\">\n\t\t\t\t<div class=\"elementor-element elementor-element-f8a3e7a animated-slow elementor-invisible elementor-widget elementor-widget-heading\" data-id=\"f8a3e7a\" data-element_type=\"widget\" data-e-type=\"widget\" data-settings=\"{&quot;_animation&quot;:&quot;fadeInUp&quot;,&quot;_animation_delay&quot;:100}\" data-widget_type=\"heading.default\">\n\t\t\t\t<div class=\"elementor-widget-container\">\n\t\t\t\t\t<p class=\"elementor-heading-title elementor-size-default\">Nous sommes pr\u00eats \u00e0 vous aider.<\/p>\t\t\t\t<\/div>\n\t\t\t\t<\/div>\n\t\t\t\t<div class=\"elementor-element elementor-element-fb0e5b6 elementor-widget elementor-widget-text-editor\" data-id=\"fb0e5b6\" data-element_type=\"widget\" data-e-type=\"widget\" data-widget_type=\"text-editor.default\">\n\t\t\t\t<div class=\"elementor-widget-container\">\n\t\t\t\t\t\t\t\t\t<p>Si vous \u00eates int\u00e9ress\u00e9 par l\u2019un de nos packs et que vous souhaitez recevoir plus d\u2019informations, conna\u00eetre les dates gratuites, etc.  <strong>N\u2019h\u00e9sitez pas \u00e0 nous contacter !<\/strong><\/p>\n<p>Cliquez ci-dessous et faites une place dans le calendrier.<\/p>\n\t\t\t\t\t\t\t\t<\/div>\n\t\t\t\t<\/div>\n\t\t\t\t<div class=\"elementor-element elementor-element-afd8a39 elementor-hidden-desktop elementor-hidden-tablet elementor-hidden-mobile elementor-widget elementor-widget-button\" data-id=\"afd8a39\" data-element_type=\"widget\" data-e-type=\"widget\" data-widget_type=\"button.default\">\n\t\t\t\t<div class=\"elementor-widget-container\">\n\t\t\t\t\t\t\t\t\t<div class=\"elementor-button-wrapper\">\n\t\t\t\t\t<a class=\"elementor-button elementor-button-link elementor-size-sm\" href=\"https:\/\/calendly.com\/d\/43m-zy7-94g\/informational-meeting-language-immersion-in-spain\" target=\"_blank\" rel=\"nofollow\">\n\t\t\t\t\t\t<span class=\"elementor-button-content-wrapper\">\n\t\t\t\t\t\t\t\t\t<span class=\"elementor-button-text\">Parlons-en!<\/span>\n\t\t\t\t\t<\/span>\n\t\t\t\t\t<\/a>\n\t\t\t\t<\/div>\n\t\t\t\t\t\t\t\t<\/div>\n\t\t\t\t<\/div>\n\t\t\t\t<div class=\"elementor-element elementor-element-38bce7f elementor-widget__width-initial elementor-widget elementor-widget-html\" data-id=\"38bce7f\" data-element_type=\"widget\" data-e-type=\"widget\" data-widget_type=\"html.default\">\n\t\t\t\t<div class=\"elementor-widget-container\">\n\t\t\t\t\t<!-- Calendly inline widget begin -->\n<div class=\"calendly-inline-widget\" data-url=\"https:\/\/calendly.com\/alohaveralanguagespain\/30min\" style=\"min-width:320px;height:700px;\"><\/div>\n<script type=\"text\/javascript\" src=\"https:\/\/assets.calendly.com\/assets\/external\/widget.js\" async=\"\"><\/script>\n<!-- Calendly inline widget end -->\t\t\t\t<\/div>\n\t\t\t\t<\/div>\n\t\t\t\t<\/div>\n\t\t\t\t<\/div>\n\t\t\t\t<\/div>\n\t\t\t\t\t<\/div>\n\t\t\t\t<\/div>\n\t\t\t\t<\/div>\n\t\t","protected":false},"excerpt":{"rendered":"<p>Nous sommes pr\u00eats \u00e0 vous aider. Si vous \u00eates int\u00e9ress\u00e9 par l\u2019un de nos packs et que vous souhaitez recevoir plus d\u2019informations, conna\u00eetre les dates gratuites, etc. N\u2019h\u00e9sitez pas \u00e0 nous contacter ! Cliquez ci-dessous et faites une place dans le calendrier. Parlons-en!<\/p>\n","protected":false},"author":2,"featured_media":0,"parent":0,"menu_order":0,"comment_status":"closed","ping_status":"closed","template":"elementor_header_footer","meta":{"_seopress_robots_primary_cat":"","_seopress_titles_title":"","_seopress_titles_desc":"","_seopress_robots_index":"","footnotes":""},"class_list":["post-4188","page","type-page","status-publish","hentry"],"_links":{"self":[{"href":"https:\/\/alohavera.es\/fr\/wp-json\/wp\/v2\/pages\/4188","targetHints":{"allow":["GET"]}}],"collection":[{"href":"https:\/\/alohavera.es\/fr\/wp-json\/wp\/v2\/pages"}],"about":[{"href":"https:\/\/alohavera.es\/fr\/wp-json\/wp\/v2\/types\/page"}],"author":[{"embeddable":true,"href":"https:\/\/alohavera.es\/fr\/wp-json\/wp\/v2\/users\/2"}],"replies":[{"embeddable":true,"href":"https:\/\/alohavera.es\/fr\/wp-json\/wp\/v2\/comments?post=4188"}],"version-history":[{"count":10,"href":"https:\/\/alohavera.es\/fr\/wp-json\/wp\/v2\/pages\/4188\/revisions"}],"predecessor-version":[{"id":8524,"href":"https:\/\/alohavera.es\/fr\/wp-json\/wp\/v2\/pages\/4188\/revisions\/8524"}],"wp:attachment":[{"href":"https:\/\/alohavera.es\/fr\/wp-json\/wp\/v2\/media?parent=4188"}],"curies":[{"name":"wp","href":"https:\/\/api.w.org\/{rel}","templated":true}]}}