{"id":4244,"date":"2023-01-25T11:16:42","date_gmt":"2023-01-25T11:16:42","guid":{"rendered":"https:\/\/alohavera.es\/quoffrons-nous\/"},"modified":"2024-01-18T13:04:04","modified_gmt":"2024-01-18T13:04:04","slug":"quoffrons-nous","status":"publish","type":"page","link":"https:\/\/alohavera.es\/fr\/quoffrons-nous\/","title":{"rendered":"Qu\u2019offrons-nous?"},"content":{"rendered":"<style>\/*! elementor - v3.17.0 - 08-11-2023 *\/\n.elementor-heading-title{padding:0;margin:0;line-height:1}.elementor-widget-heading .elementor-heading-title[class*=elementor-size-]>a{color:inherit;font-size:inherit;line-height:inherit}.elementor-widget-heading .elementor-heading-title.elementor-size-small{font-size:15px}.elementor-widget-heading .elementor-heading-title.elementor-size-medium{font-size:19px}.elementor-widget-heading .elementor-heading-title.elementor-size-large{font-size:29px}.elementor-widget-heading .elementor-heading-title.elementor-size-xl{font-size:39px}.elementor-widget-heading .elementor-heading-title.elementor-size-xxl{font-size:59px}<\/style>\n<h1>Pratiquer et \u00e9tudier est la combinaison parfaite!<\/h1>\n<p>Quelle meilleure fa\u00e7on d\u2019apprendre l\u2019espagnol qu\u2019en faisant l\u2019exp\u00e9rience d\u2019une <strong>immersion linguistique<\/strong> authentique dans l\u2019une des plus belles r\u00e9gions d\u2019Espagne?<\/p>\n<p>Nos <strong>forfaits de 2 semaines<\/strong> comprennent des <strong>cours d\u2019espagnol en face \u00e0 face<\/strong> dans notre maison rurale dans le village avec <strong>des activit\u00e9s<\/strong> <strong>rurales<\/strong> \u00e0 <strong>Jarandilla de la Vera<\/strong>, en Estr\u00e9madure.<\/p>\n<style>\/*! elementor - v3.17.0 - 08-11-2023 *\/\n.elementor-widget-image{text-align:center}.elementor-widget-image a{display:inline-block}.elementor-widget-image a img[src$=\".svg\"]{width:48px}.elementor-widget-image img{vertical-align:middle;display:inline-block}<\/style>\n<p>\t\t\t\t\t\t\t\t\t\t\t\t<img loading=\"lazy\" decoding=\"async\" width=\"2560\" height=\"1707\" src=\"https:\/\/alohavera.es\/wp-content\/uploads\/2023\/11\/mujeres-tiro-medio-trabajando-juntas-scaled.jpg\" alt=\"2 femmes qui \u00e9tudient ensemble concentr\u00e9 - Aloha Vera\" loading=\"lazy\" srcset=\"https:\/\/alohavera.es\/wp-content\/uploads\/2023\/11\/mujeres-tiro-medio-trabajando-juntas-scaled.jpg 2560w, https:\/\/alohavera.es\/wp-content\/uploads\/2023\/11\/mujeres-tiro-medio-trabajando-juntas-300x200.jpg 300w, https:\/\/alohavera.es\/wp-content\/uploads\/2023\/11\/mujeres-tiro-medio-trabajando-juntas-1024x683.jpg 1024w, https:\/\/alohavera.es\/wp-content\/uploads\/2023\/11\/mujeres-tiro-medio-trabajando-juntas-768x512.jpg 768w, https:\/\/alohavera.es\/wp-content\/uploads\/2023\/11\/mujeres-tiro-medio-trabajando-juntas-1536x1024.jpg 1536w, https:\/\/alohavera.es\/wp-content\/uploads\/2023\/11\/mujeres-tiro-medio-trabajando-juntas-2048x1365.jpg 2048w\" sizes=\"auto, (max-width: 2560px) 100vw, 2560px\">\t\t\t\t\t\t\t\t\t\t\t\t\t\t\t<\/p>\n<style>\/*! elementor - v3.17.0 - 08-11-2023 *\/\n.elementor-column .elementor-spacer-inner{height:var(--spacer-size)}.e-con{--container-widget-width:100%}.e-con-inner>.elementor-widget-spacer,.e-con>.elementor-widget-spacer{width:var(--container-widget-width,var(--spacer-size));--align-self:var(--container-widget-align-self,initial);--flex-shrink:0}.e-con-inner>.elementor-widget-spacer>.elementor-widget-container,.e-con>.elementor-widget-spacer>.elementor-widget-container{height:100%;width:100%}.e-con-inner>.elementor-widget-spacer>.elementor-widget-container>.elementor-spacer,.e-con>.elementor-widget-spacer>.elementor-widget-container>.elementor-spacer{height:100%}.e-con-inner>.elementor-widget-spacer>.elementor-widget-container>.elementor-spacer>.elementor-spacer-inner,.e-con>.elementor-widget-spacer>.elementor-widget-container>.elementor-spacer>.elementor-spacer-inner{height:var(--container-widget-height,var(--spacer-size))}.e-con-inner>.elementor-widget-spacer.elementor-widget-empty,.e-con>.elementor-widget-spacer.elementor-widget-empty{position:relative;min-height:22px;min-width:22px}.e-con-inner>.elementor-widget-spacer.elementor-widget-empty .elementor-widget-empty-icon,.e-con>.elementor-widget-spacer.elementor-widget-empty .elementor-widget-empty-icon{position:absolute;top:0;bottom:0;left:0;right:0;margin:auto;padding:0;width:22px;height:22px}<\/style>\n<h2>Ingr\u00e9dients pour un  <br \/>Retraite linguistique parfaite<br \/>\n<\/h2>\n<ul data-list-animation=\"zoomIn animated-\">\n<li data-delay=\"0\">\n H\u00e9bergement en maison rurale du XVIIe si\u00e8cle\n\t\t\t<\/li>\n<li data-delay=\"0\">\n Cours d\u2019espagnol en pr\u00e9sentiel\n\t\t\t<\/li>\n<li data-delay=\"0\">\n Kit de bienvenue et mat\u00e9riel p\u00e9dagogique\n\t\t\t<\/li>\n<li data-delay=\"0\">\n Accueil sp\u00e9cial et d\u00eeners d\u2019adieu\n\t\t\t<\/li>\n<li data-delay=\"0\">\n Repas avec les enseignants et les \u00e9l\u00e8ves\n\t\t\t<\/li>\n<li data-delay=\"0\">\n Activit\u00e9s culturelles et de loisirs dans l\u2019environnement naturel de La Vera\n\t\t\t<\/li>\n<\/ul>\n<link rel=\"stylesheet\" href=\"https:\/\/alohavera.es\/wp-content\/uploads\/elementor\/css\/custom-widget-icon-box.min.css?ver=1699568828\">\n<h3>\n Cours d\u2019espagnol et de m\u00e9thodologie<br \/>\n\t\t\t\t<\/h3>\n<h3>\n G\u00eete rural \u00e0 Jarandilla<br \/>\n\t\t\t\t<\/h3>\n<h3>\n Activit\u00e9s rurales<br \/>\n\t\t\t\t<\/h3>\n<p>\t\t\t<a role=\"button\"><br \/>\n EN SAVOIR PLUS<br \/>\n\t\t\t\t\t<\/a><br \/>\n\t\t\t\t\t\t\t\t\t\t\t\t\t\t\t<img loading=\"lazy\" decoding=\"async\" width=\"1800\" height=\"1200\" src=\"https:\/\/alohavera.es\/wp-content\/uploads\/2023\/01\/5.jpg\" alt=\"Atelier de traduction et d\u2019interpr\u00e9tation\" loading=\"lazy\" srcset=\"https:\/\/alohavera.es\/wp-content\/uploads\/2023\/01\/5.jpg 1800w, https:\/\/alohavera.es\/wp-content\/uploads\/2023\/01\/5-300x200.jpg 300w, https:\/\/alohavera.es\/wp-content\/uploads\/2023\/01\/5-1024x683.jpg 1024w, https:\/\/alohavera.es\/wp-content\/uploads\/2023\/01\/5-768x512.jpg 768w, https:\/\/alohavera.es\/wp-content\/uploads\/2023\/01\/5-1536x1024.jpg 1536w, https:\/\/alohavera.es\/wp-content\/uploads\/2023\/01\/5-600x400.jpg 600w\" sizes=\"auto, (max-width: 1800px) 100vw, 1800px\">\t\t\t\t\t\t\t\t\t\t\t\t\t\t\t<\/p>\n<h3>\n Cours d\u2019espagnol et de m\u00e9thodologie<br \/>\n\t\t\t\t<\/h3>\n<p><em><b>Chez Aloha Vera, nous mettons \u00e0 votre disposition une salle d\u2019\u00e9tude et diff\u00e9rents espaces o\u00f9 vous pourrez pratiquer l\u2019espagnol naturellement, loin du stress des grandes villes: une v\u00e9ritable retraite linguistique.<\/b><\/em><\/p>\n<p><strong>&gt;  Deux semaines de cours intensifs d\u2019espagnol<br \/><\/strong><\/p>\n<p>Si vous souhaitez apprendre ou perfectionner votre espagnol, nos cours intensifs d\u2019espagnol sont parfaits pour vous. Pendant deux semaines, immergez-vous dans la langue et la culture espagnoles tout en s\u00e9journant dans notre charmante maison de campagne. Notre programme comprend :<\/p>\n<p><strong>Cours d\u2019espagnol&nbsp;:<\/strong><br \/>Nos instructeurs hautement qualifi\u00e9s vous guideront tout au long du processus d\u2019apprentissage de l\u2019espagnol gr\u00e2ce \u00e0 des cours interactifs et dynamiques.<\/p>\n<p><strong>Immersion culturelle :<\/strong><br \/>Vivez comme un local en participant \u00e0 des activit\u00e9s culturelles et rurales, \u00e0 des visites touristiques et \u00e0 des d\u00e9gustations de plats espagnols.<\/p>\n<p><strong>H\u00e9bergement et pension compl\u00e8te&nbsp;:<\/strong><br \/>Profitez d\u2019un s\u00e9jour confortable dans nos chambres de campagne et de d\u00e9licieux plats faits maison en fonction de vos pr\u00e9f\u00e9rences alimentaires.<\/p>\n<p>\u00c0 la fin de ces deux semaines, vous aurez non seulement <strong>am\u00e9lior\u00e9<\/strong> vos comp\u00e9tences en espagnol, mais vous aurez cr\u00e9\u00e9 des souvenirs durables et des amiti\u00e9s internationales et <strong>espagnoles<\/strong> .<\/p>\n<p>\t\t\t<a role=\"button\"><br \/>\n R\u00c9SERVEZ MAINTENANT<br \/>\n\t\t\t\t\t<\/a><br \/>\n\t\t\t\t\t\t\t\t\t\t\t\t\t\t\t<img loading=\"lazy\" decoding=\"async\" width=\"1196\" height=\"1600\" src=\"https:\/\/alohavera.es\/wp-content\/uploads\/2023\/07\/puerta-antigua.jpg\" alt=\"\" loading=\"lazy\" srcset=\"https:\/\/alohavera.es\/wp-content\/uploads\/2023\/07\/puerta-antigua.jpg 1196w, https:\/\/alohavera.es\/wp-content\/uploads\/2023\/07\/puerta-antigua-224x300.jpg 224w, https:\/\/alohavera.es\/wp-content\/uploads\/2023\/07\/puerta-antigua-765x1024.jpg 765w, https:\/\/alohavera.es\/wp-content\/uploads\/2023\/07\/puerta-antigua-768x1027.jpg 768w, https:\/\/alohavera.es\/wp-content\/uploads\/2023\/07\/puerta-antigua-1148x1536.jpg 1148w\" sizes=\"auto, (max-width: 1196px) 100vw, 1196px\">\t\t\t\t\t\t\t\t\t\t\t\t\t\t\t<\/p>\n<h3>\n G\u00eete rural \u00e0 Jarandilla<br \/>\n\t\t\t\t<\/h3>\n<p><strong><em>Reposez-vous comme un roi, entour\u00e9 par la nature, et \u00e0 deux pas des principaux points d\u2019int\u00e9r\u00eat de Jarandilla de la Vera, une ville de tranquillit\u00e9 et de paix.<\/em><\/strong><\/p>\n<p>Nos \u00e9tudiants s\u00e9journent dans u<strong>ne belle maison de ville<\/strong> qui conserve les poutres en pierre et en bois d\u2019origine de <strong>l\u2019architecture traditionnelle<\/strong> de la r\u00e9gion de Vera.<\/p>\n<p>Il est situ\u00e9 dans le  <strong>Centre historique<\/strong>  de Jarandilla de la Vera (C\u00e1ceres), un quartier calme et privil\u00e9gi\u00e9, \u00e0 quelques minutes \u00e0 pied du ch\u00e2teau des comtes d\u2019Oropesa (actuel Parador), un ermitage templier et en m\u00eame temps, entour\u00e9 de restaurants gastronomiques o\u00f9 vous pourrez manger des plats typiques de la r\u00e9gion avec d\u2019excellents vins locaux.<\/p>\n<p>La maison est entour\u00e9e d\u2019un <strong>environnement<\/strong> naturel d\u2019une beaut\u00e9 sublime, avec des paysages montagneux et des for\u00eats luxuriantes de ch\u00eanes, ch\u00e2taigniers, ch\u00eanes verts, bosquets de thym, de bruy\u00e8re et de ciste qui offrent un ar\u00f4me frais et caract\u00e9ristique.<\/p>\n<p>Dans ce lieu enchanteur, il y a plusieurs <strong>piscines naturelles<\/strong> aux eaux cristallines de la Sierra de Gredos o\u00f9 vous pourrez vous baigner pendant les mois les plus chauds et que vous pourrez admirer en <strong>faisant de la randonn\u00e9e<\/strong> \u00e0 tout moment de l\u2019ann\u00e9e. Ces piscines naturelles ainsi que les ponts romains et m\u00e9di\u00e9vaux sont des \u00e9l\u00e9ments tr\u00e8s caract\u00e9ristiques du paysage d\u2019Estr\u00e9madure.<\/p>\n<p>Et, n\u2019oublions pas le nombre <strong>d\u2019arbres fruitiers<\/strong> qui ornent les vergers de Jarandilla tels que les cerisiers, les pommiers, les poiriers, les figuiers, entre autres.<\/p>\n<p><b><i>Laissez-vous emporter par notre maison ALOHA VERA!<\/i><\/b><\/p>\n<p><em>Nous proposons des chambres doubles ou familiales avec salle de bain priv\u00e9e. Pension compl\u00e8te.<\/em><\/p>\n<p>\t\t\t<a role=\"button\"><br \/>\n R\u00c9SERVEZ MAINTENANT<br \/>\n\t\t\t\t\t<\/a><\/p>\n<p>\u00c0 la fin de ces deux semaines, vous aurez non seulement <strong>am\u00e9lior\u00e9<\/strong> vos comp\u00e9tences <strong>en espagnol<\/strong>, mais vous aurez cr\u00e9\u00e9 des souvenirs durables et des amiti\u00e9s profondes.<\/p>\n<h3>\n Activit\u00e9s rurales<br \/>\n\t\t\t\t<\/h3>\n<p>\n\t\t\t\t\t\t<i>(Les activit\u00e9s sont confirm\u00e9es avant le d\u00e9but des 2 semaines du cours intensif et en fonction du nombre d\u2019\u00e9tudiants.)<br \/>\n<\/i>\t\t\t\t\t<\/p>\n<p> Jarandilla de la Vera est notre ville magique verato et nous aimons la montrer aux visiteurs et aux amis.<br \/>\nPar cons\u00e9quent, pendant les apr\u00e8s-midis, nous programmons des activit\u00e9s ou des exp\u00e9riences sociales, gastronomiques, culturelles et de nature, toutes ax\u00e9es sur l\u2019am\u00e9lioration des comp\u00e9tences linguistiques et la mise en pratique de ce qui a \u00e9t\u00e9 appris pendant les cours d\u2019espagnol.<br \/>\nVous aurez \u00e9galement du temps libre pour d\u00e9couvrir par vous-m\u00eame l\u2019environnement rural et naturel de ce lieu in\u00e9dit ! <\/p>\n<p><strong><em>Des activit\u00e9s inoubliables organis\u00e9es par nos partenaires locaux.<\/em><\/strong><\/p>\n<p>\t\t\t<a role=\"button\"><br \/>\n INSCRIVEZ-VOUS D\u00c8S MAINTENANT !<br \/>\n\t\t\t\t\t<\/a><\/p>\n<ul>\n<li>\n\t\t\t\t\t\t<a href=\"javascript:;\" data-filter=\"*\"><br \/>\n Tout <\/a>\n\t\t\t\t\t<\/li>\n<li>\n\t\t\t\t\t\t\t<a href=\"javascript:;\" data-filter=\"cultura\"><br \/>\n Culture <\/a>\n\t\t\t\t\t\t<\/li>\n<li>\n\t\t\t\t\t\t\t<a href=\"javascript:;\" data-filter=\"gastronomia\"><br \/>\n Gastronomie <\/a>\n\t\t\t\t\t\t<\/li>\n<li>\n\t\t\t\t\t\t\t<a href=\"javascript:;\" data-filter=\"naturaleza\"><br \/>\n Nature <\/a>\n\t\t\t\t\t\t<\/li>\n<\/ul>\n<article data-total=\"4\">\n\t\t\t\t\t\t\t<img loading=\"lazy\" decoding=\"async\" width=\"768\" height=\"576\" src=\"https:\/\/alohavera.es\/wp-content\/uploads\/2023\/06\/comida-cochinillo-768x576.jpg\" alt=\"Cochon de lait\" loading=\"lazy\"><br \/>\n\t\t\t\t\t\t\t\t<a href=\"https:\/\/alohavera.es\/experiencias\/cocina-tipica-extremena-descubre-nuestra-gastronomia\/\" target=\"_blank\" aria-hidden=\"true\" rel=\"noopener\">Cuisine typique d\u2019Estr\u00e9madure. D\u00e9couvrez notre gastronomie<\/a><\/p>\n<h2>\n\t\t\t<a href=\"https:\/\/alohavera.es\/experiencias\/cocina-tipica-extremena-descubre-nuestra-gastronomia\/\" target=\"_blank\" rel=\"noopener\"><br \/>\n Cuisine typique d\u2019Estr\u00e9madure. D\u00e9couvrez notre gastronomie <\/a><br \/>\n\t\t<\/h2>\n<\/article>\n<article data-total=\"4\">\n\t\t\t\t\t\t\t<img loading=\"lazy\" decoding=\"async\" width=\"768\" height=\"510\" src=\"https:\/\/alohavera.es\/wp-content\/uploads\/2023\/07\/Caceres-3-768x510.jpg\" alt=\"C\u00e1ceres\" loading=\"lazy\"><br \/>\n\t\t\t\t\t\t\t\t<a href=\"https:\/\/alohavera.es\/experiencias\/ruta-por-caceres\/\" target=\"_blank\" aria-hidden=\"true\" rel=\"noopener\">Route \u00e0 travers C\u00e1ceres<\/a><\/p>\n<h2>\n\t\t\t<a href=\"https:\/\/alohavera.es\/experiencias\/ruta-por-caceres\/\" target=\"_blank\" rel=\"noopener\"><br \/>\n  Route \u00e0 travers C\u00e1ceres  <\/a><br \/>\n\t\t<\/h2>\n<\/article>\n<article data-total=\"4\">\n\t\t\t\t\t\t\t<img loading=\"lazy\" decoding=\"async\" width=\"768\" height=\"373\" src=\"https:\/\/alohavera.es\/wp-content\/uploads\/2023\/06\/Plasencia-2-768x373.jpg\" alt=\"Place de la Plasencia\" loading=\"lazy\"><br \/>\n\t\t\t\t\t\t\t\t<a href=\"https:\/\/alohavera.es\/experiencias\/ruta-de-las-juderias\/\" target=\"_blank\" aria-hidden=\"true\" rel=\"noopener\">Route des quartiers juifs<\/a><\/p>\n<h2>\n\t\t\t<a href=\"https:\/\/alohavera.es\/experiencias\/ruta-de-las-juderias\/\" target=\"_blank\" rel=\"noopener\"><br \/>\n Route des quartiers juifs <\/a><br \/>\n\t\t<\/h2>\n<\/article>\n<article data-total=\"4\">\n\t\t\t\t\t\t\t<img loading=\"lazy\" decoding=\"async\" width=\"768\" height=\"551\" src=\"https:\/\/alohavera.es\/wp-content\/uploads\/2022\/05\/000-5-768x551.jpg\" alt=\"\" loading=\"lazy\"><br \/>\n\t\t\t\t\t\t\t\t<a href=\"https:\/\/alohavera.es\/experiencias\/observacion-de-pajaros-en-la-vera\/\" target=\"_blank\" aria-hidden=\"true\" rel=\"noopener\">La nature qui vole. Observation des oiseaux \u00e0 La Vera<\/a><\/p>\n<h2>\n\t\t\t<a href=\"https:\/\/alohavera.es\/experiencias\/observacion-de-pajaros-en-la-vera\/\" target=\"_blank\" rel=\"noopener\"><br \/>\n La nature qui vole. Observation des oiseaux \u00e0 La Vera <\/a><br \/>\n\t\t<\/h2>\n<\/article>\n<article data-total=\"4\">\n\t\t\t\t\t\t\t<img loading=\"lazy\" decoding=\"async\" width=\"768\" height=\"432\" src=\"https:\/\/alohavera.es\/wp-content\/uploads\/2023\/01\/monasterio-de-Yuste-768x432.jpg\" alt=\"Monast\u00e8re de Yuste\" loading=\"lazy\"><br \/>\n\t\t\t\t\t\t\t\t<a href=\"https:\/\/alohavera.es\/experiencias\/el-ultimo-respiro-de-carlos-v-en-la-vera\/\" target=\"_blank\" aria-hidden=\"true\" rel=\"noopener\">Route des monarques. Route de l\u2019empereur Charles Quint<\/a><\/p>\n<h2>\n\t\t\t<a href=\"https:\/\/alohavera.es\/experiencias\/el-ultimo-respiro-de-carlos-v-en-la-vera\/\" target=\"_blank\" rel=\"noopener\"><br \/>\n Route des monarques. Route de l\u2019empereur Charles Quint <\/a><br \/>\n\t\t<\/h2>\n<\/article>\n<article data-total=\"4\">\n\t\t\t\t\t\t\t<img loading=\"lazy\" decoding=\"async\" width=\"640\" height=\"480\" src=\"https:\/\/alohavera.es\/wp-content\/uploads\/2023\/08\/Cerezos.jpg\" alt=\"Cerisiers\" loading=\"lazy\"><br \/>\n\t\t\t\t\t\t\t\t<a href=\"https:\/\/alohavera.es\/experiencias\/visita-el-valle-del-jerte\/\" target=\"_blank\" aria-hidden=\"true\" rel=\"noopener\">Visiter la vall\u00e9e du Jerte<\/a><\/p>\n<h2>\n\t\t\t<a href=\"https:\/\/alohavera.es\/experiencias\/visita-el-valle-del-jerte\/\" target=\"_blank\" rel=\"noopener\"><br \/>\n  Visiter la vall\u00e9e du Jerte  <\/a><br \/>\n\t\t<\/h2>\n<\/article>\n","protected":false},"excerpt":{"rendered":"<p>Am\u00e9liorez votre espagnol avec notre retraite en Estr\u00e9madure. Cours intensifs, h\u00e9bergement dans une maison rurale et activit\u00e9s culturelles en pleine nature.<\/p>\n","protected":false},"author":2,"featured_media":5917,"parent":0,"menu_order":0,"comment_status":"closed","ping_status":"closed","template":"","meta":{"_seopress_robots_primary_cat":"","_seopress_titles_title":"","_seopress_titles_desc":"Am\u00e9liorez votre espagnol avec notre retraite en Estr\u00e9madure. Cours intensifs, h\u00e9bergement dans une maison rurale et activit\u00e9s culturelles en pleine nature.","_seopress_robots_index":"","footnotes":""},"class_list":["post-4244","page","type-page","status-publish","has-post-thumbnail","hentry"],"_links":{"self":[{"href":"https:\/\/alohavera.es\/fr\/wp-json\/wp\/v2\/pages\/4244","targetHints":{"allow":["GET"]}}],"collection":[{"href":"https:\/\/alohavera.es\/fr\/wp-json\/wp\/v2\/pages"}],"about":[{"href":"https:\/\/alohavera.es\/fr\/wp-json\/wp\/v2\/types\/page"}],"author":[{"embeddable":true,"href":"https:\/\/alohavera.es\/fr\/wp-json\/wp\/v2\/users\/2"}],"replies":[{"embeddable":true,"href":"https:\/\/alohavera.es\/fr\/wp-json\/wp\/v2\/comments?post=4244"}],"version-history":[{"count":10,"href":"https:\/\/alohavera.es\/fr\/wp-json\/wp\/v2\/pages\/4244\/revisions"}],"predecessor-version":[{"id":6987,"href":"https:\/\/alohavera.es\/fr\/wp-json\/wp\/v2\/pages\/4244\/revisions\/6987"}],"wp:featuredmedia":[{"embeddable":true,"href":"https:\/\/alohavera.es\/fr\/wp-json\/wp\/v2\/media\/5917"}],"wp:attachment":[{"href":"https:\/\/alohavera.es\/fr\/wp-json\/wp\/v2\/media?parent=4244"}],"curies":[{"name":"wp","href":"https:\/\/api.w.org\/{rel}","templated":true}]}}