{"id":4256,"date":"2022-02-16T10:43:46","date_gmt":"2022-02-16T10:43:46","guid":{"rendered":"https:\/\/alohavera.es\/ou-sommes-nous\/"},"modified":"2024-03-06T11:37:15","modified_gmt":"2024-03-06T11:37:15","slug":"ou-sommes-nous","status":"publish","type":"page","link":"https:\/\/alohavera.es\/fr\/ou-sommes-nous\/","title":{"rendered":"O\u00f9 sommes-nous?"},"content":{"rendered":"\t\t<div data-elementor-type=\"wp-page\" data-elementor-id=\"4256\" class=\"elementor elementor-4256 elementor-190\" data-elementor-post-type=\"page\">\n\t\t\t\t\t\t<section class=\"elementor-section elementor-top-section elementor-element elementor-element-9cb376c elementor-section-height-min-height elementor-section-boxed elementor-section-height-default elementor-section-items-middle\" data-id=\"9cb376c\" data-element_type=\"section\" data-e-type=\"section\" data-settings=\"{&quot;background_background&quot;:&quot;classic&quot;}\">\n\t\t\t\t\t\t<div class=\"elementor-container elementor-column-gap-default\">\n\t\t\t\t\t<div class=\"elementor-column elementor-col-100 elementor-top-column elementor-element elementor-element-b3490fd\" data-id=\"b3490fd\" data-element_type=\"column\" data-e-type=\"column\">\n\t\t\t<div class=\"elementor-widget-wrap elementor-element-populated\">\n\t\t\t\t\t\t<section class=\"elementor-section elementor-inner-section elementor-element elementor-element-8becc74 elementor-section-full_width elementor-section-content-middle elementor-section-height-default elementor-section-height-default\" data-id=\"8becc74\" data-element_type=\"section\" data-e-type=\"section\" data-settings=\"{&quot;background_background&quot;:&quot;classic&quot;}\">\n\t\t\t\t\t\t<div class=\"elementor-container elementor-column-gap-default\">\n\t\t\t\t\t<div class=\"elementor-column elementor-col-50 elementor-inner-column elementor-element elementor-element-d2bc97d\" data-id=\"d2bc97d\" data-element_type=\"column\" data-e-type=\"column\">\n\t\t\t<div class=\"elementor-widget-wrap elementor-element-populated\">\n\t\t\t\t\t\t<div class=\"elementor-element elementor-element-6939c46 animated-slow elementor-invisible elementor-widget elementor-widget-heading\" data-id=\"6939c46\" data-element_type=\"widget\" data-e-type=\"widget\" data-settings=\"{&quot;_animation&quot;:&quot;fadeInUp&quot;,&quot;_animation_delay&quot;:100}\" data-widget_type=\"heading.default\">\n\t\t\t\t<div class=\"elementor-widget-container\">\n\t\t\t\t\t<h2 class=\"elementor-heading-title elementor-size-default\">O\u00f9 sommes-nous?<\/h2>\t\t\t\t<\/div>\n\t\t\t\t<\/div>\n\t\t\t\t<div class=\"elementor-element elementor-element-69704c6 animated-slow elementor-icon-list--layout-traditional elementor-list-item-link-full_width elementor-invisible elementor-widget elementor-widget-icon-list\" data-id=\"69704c6\" data-element_type=\"widget\" data-e-type=\"widget\" data-settings=\"{&quot;_animation&quot;:&quot;fadeInUp&quot;,&quot;_animation_delay&quot;:200}\" data-widget_type=\"icon-list.default\">\n\t\t\t\t<div class=\"elementor-widget-container\">\n\t\t\t\t\t\t\t<ul class=\"elementor-icon-list-items\">\n\t\t\t\t\t\t\t<li class=\"elementor-icon-list-item\">\n\t\t\t\t\t\t\t\t\t\t\t<span class=\"elementor-icon-list-icon\">\n\t\t\t\t\t\t\t<i aria-hidden=\"true\" class=\"fas fa-map-pin\"><\/i>\t\t\t\t\t\t<\/span>\n\t\t\t\t\t\t\t\t\t\t<span class=\"elementor-icon-list-text\"><strong>O\u00f9 sommes-nous?<\/strong><\/span>\n\t\t\t\t\t\t\t\t\t<\/li>\n\t\t\t\t\t\t\t\t<li class=\"elementor-icon-list-item\">\n\t\t\t\t\t\t\t\t\t\t\t<a href=\"https:\/\/goo.gl\/maps\/fGEBhrBmA8z3Cfo59\" target=\"_blank\">\n\n\t\t\t\t\t\t\t\t\t\t\t<span class=\"elementor-icon-list-text\">Calle Altozano n.10, 10450 Jarandilla de la Vera, C\u00e1ceres, Estr\u00e9madure, Espagne. <\/span>\n\t\t\t\t\t\t\t\t\t\t\t<\/a>\n\t\t\t\t\t\t\t\t\t<\/li>\n\t\t\t\t\t\t\t\t<li class=\"elementor-icon-list-item\">\n\t\t\t\t\t\t\t\t\t\t\t<span class=\"elementor-icon-list-icon\">\n\t\t\t\t\t\t\t<i aria-hidden=\"true\" class=\"fas fa-map-marked-alt\"><\/i>\t\t\t\t\t\t<\/span>\n\t\t\t\t\t\t\t\t\t\t<span class=\"elementor-icon-list-text\"><strong>Jarandilla de la Vera<\/strong><\/span>\n\t\t\t\t\t\t\t\t\t<\/li>\n\t\t\t\t\t\t\t\t<li class=\"elementor-icon-list-item\">\n\t\t\t\t\t\t\t\t\t\t<span class=\"elementor-icon-list-text\">La Vera est une r\u00e9gion situ\u00e9e au nord-ouest de l\u2019Estr\u00e9madure, sur le versant sud de la Sierra de Gredos et \u00e0 moins de 2h15 en voiture de Madrid.<\/span>\n\t\t\t\t\t\t\t\t\t<\/li>\n\t\t\t\t\t\t\t\t<li class=\"elementor-icon-list-item\">\n\t\t\t\t\t\t\t\t\t\t\t<span class=\"elementor-icon-list-icon\">\n\t\t\t\t\t\t\t<i aria-hidden=\"true\" class=\"fas fa-star-of-life\"><\/i>\t\t\t\t\t\t<\/span>\n\t\t\t\t\t\t\t\t\t\t<span class=\"elementor-icon-list-text\"><strong>Coordonn\u00e9es 40\u00b005\u203255\"N 5\u00b040\u203250&nbsp;\u00bb<\/strong><\/span>\n\t\t\t\t\t\t\t\t\t<\/li>\n\t\t\t\t\t\t<\/ul>\n\t\t\t\t\t\t<\/div>\n\t\t\t\t<\/div>\n\t\t\t\t\t<\/div>\n\t\t<\/div>\n\t\t\t\t<div class=\"elementor-column elementor-col-50 elementor-inner-column elementor-element elementor-element-2f34744 animated-slow elementor-invisible\" data-id=\"2f34744\" data-element_type=\"column\" data-e-type=\"column\" data-settings=\"{&quot;animation&quot;:&quot;fadeInRight&quot;}\">\n\t\t\t<div class=\"elementor-widget-wrap elementor-element-populated\">\n\t\t\t\t\t\t<div class=\"elementor-element elementor-element-ceda1f4 elementor-widget__width-inherit elementor-widget elementor-widget-google_maps\" data-id=\"ceda1f4\" data-element_type=\"widget\" data-e-type=\"widget\" data-widget_type=\"google_maps.default\">\n\t\t\t\t<div class=\"elementor-widget-container\">\n\t\t\t\t\t\t\t<div class=\"elementor-custom-embed\">\n\t\t\t<iframe loading=\"lazy\"\n\t\t\t\t\tsrc=\"https:\/\/maps.google.com\/maps?q=Jarandilla%20de%20la%20Vera&#038;t=m&#038;z=7&#038;output=embed&#038;iwloc=near\"\n\t\t\t\t\ttitle=\"Jarandilla de la Vera\"\n\t\t\t\t\taria-label=\"Jarandilla de la Vera\"\n\t\t\t><\/iframe>\n\t\t<\/div>\n\t\t\t\t\t\t<\/div>\n\t\t\t\t<\/div>\n\t\t\t\t\t<\/div>\n\t\t<\/div>\n\t\t\t\t\t<\/div>\n\t\t<\/section>\n\t\t\t\t\t<\/div>\n\t\t<\/div>\n\t\t\t\t\t<\/div>\n\t\t<\/section>\n\t\t\t\t<section class=\"elementor-section elementor-top-section elementor-element elementor-element-862cf8a elementor-reverse-mobile elementor-section-boxed elementor-section-height-default elementor-section-height-default\" data-id=\"862cf8a\" data-element_type=\"section\" data-e-type=\"section\">\n\t\t\t\t\t\t<div class=\"elementor-container elementor-column-gap-default\">\n\t\t\t\t\t<div class=\"elementor-column elementor-col-100 elementor-top-column elementor-element elementor-element-44cb71e\" data-id=\"44cb71e\" data-element_type=\"column\" data-e-type=\"column\">\n\t\t\t<div class=\"elementor-widget-wrap elementor-element-populated\">\n\t\t\t\t\t\t<section class=\"elementor-section elementor-inner-section elementor-element elementor-element-e472595 elementor-section-full_width elementor-reverse-mobile elementor-section-height-default elementor-section-height-default\" data-id=\"e472595\" data-element_type=\"section\" data-e-type=\"section\">\n\t\t\t\t\t\t<div class=\"elementor-container elementor-column-gap-default\">\n\t\t\t\t\t<div class=\"elementor-column elementor-col-50 elementor-inner-column elementor-element elementor-element-c916ece animated-slow elementor-invisible\" data-id=\"c916ece\" data-element_type=\"column\" data-e-type=\"column\" data-settings=\"{&quot;animation&quot;:&quot;fadeInLeft&quot;,&quot;animation_delay&quot;:100}\">\n\t\t\t<div class=\"elementor-widget-wrap elementor-element-populated\">\n\t\t\t\t\t\t<div class=\"elementor-element elementor-element-6b83c45 elementor-widget__width-inherit elementor-widget elementor-widget-image\" data-id=\"6b83c45\" data-element_type=\"widget\" data-e-type=\"widget\" data-widget_type=\"image.default\">\n\t\t\t\t<div class=\"elementor-widget-container\">\n\t\t\t\t\t\t\t\t\t\t\t\t\t\t\t\t<a href=\"https:\/\/alohavera.es\/wp-content\/uploads\/2023\/02\/Mapa-de-la-Vera.jpg\" data-elementor-open-lightbox=\"yes\" data-elementor-lightbox-title=\"Mapa de la Vera\" data-e-action-hash=\"#elementor-action%3Aaction%3Dlightbox%26settings%3DeyJpZCI6NDE3MCwidXJsIjoiaHR0cHM6XC9cL2Fsb2hhdmVyYS5lc1wvd3AtY29udGVudFwvdXBsb2Fkc1wvMjAyM1wvMDJcL01hcGEtZGUtbGEtVmVyYS5qcGcifQ%3D%3D\">\n\t\t\t\t\t\t\t<img fetchpriority=\"high\" decoding=\"async\" width=\"800\" height=\"564\" src=\"https:\/\/alohavera.es\/wp-content\/uploads\/2023\/02\/Mapa-de-la-Vera.jpg\" class=\"attachment-large size-large wp-image-4170\" alt=\"\" srcset=\"https:\/\/alohavera.es\/wp-content\/uploads\/2023\/02\/Mapa-de-la-Vera.jpg 960w, https:\/\/alohavera.es\/wp-content\/uploads\/2023\/02\/Mapa-de-la-Vera-300x212.jpg 300w, https:\/\/alohavera.es\/wp-content\/uploads\/2023\/02\/Mapa-de-la-Vera-768x542.jpg 768w\" sizes=\"(max-width: 800px) 100vw, 800px\" \/>\t\t\t\t\t\t\t\t<\/a>\n\t\t\t\t\t\t\t\t\t\t\t\t\t\t\t<\/div>\n\t\t\t\t<\/div>\n\t\t\t\t\t<\/div>\n\t\t<\/div>\n\t\t\t\t<div class=\"elementor-column elementor-col-50 elementor-inner-column elementor-element elementor-element-9316ff0\" data-id=\"9316ff0\" data-element_type=\"column\" data-e-type=\"column\">\n\t\t\t<div class=\"elementor-widget-wrap elementor-element-populated\">\n\t\t\t\t\t\t<div class=\"elementor-element elementor-element-e68407f animated-slow elementor-invisible elementor-widget elementor-widget-heading\" data-id=\"e68407f\" data-element_type=\"widget\" data-e-type=\"widget\" data-settings=\"{&quot;_animation&quot;:&quot;fadeInUp&quot;,&quot;_animation_delay&quot;:100}\" data-widget_type=\"heading.default\">\n\t\t\t\t<div class=\"elementor-widget-container\">\n\t\t\t\t\t<h2 class=\"elementor-heading-title elementor-size-default\">Comment s\u2019y rendre?<\/h2>\t\t\t\t<\/div>\n\t\t\t\t<\/div>\n\t\t\t\t<div class=\"elementor-element elementor-element-9e1c6b4 animated-slow elementor-invisible elementor-widget elementor-widget-toggle\" data-id=\"9e1c6b4\" data-element_type=\"widget\" data-e-type=\"widget\" data-settings=\"{&quot;_animation&quot;:&quot;fadeInUp&quot;,&quot;_animation_delay&quot;:200}\" data-widget_type=\"toggle.default\">\n\t\t\t\t<div class=\"elementor-widget-container\">\n\t\t\t\t\t\t\t<div class=\"elementor-toggle\">\n\t\t\t\t\t\t\t<div class=\"elementor-toggle-item\">\n\t\t\t\t\t<div id=\"elementor-tab-title-1651\" class=\"elementor-tab-title\" data-tab=\"1\" role=\"button\" aria-controls=\"elementor-tab-content-1651\" aria-expanded=\"false\">\n\t\t\t\t\t\t\t\t\t\t\t\t<span class=\"elementor-toggle-icon elementor-toggle-icon-left\" aria-hidden=\"true\">\n\t\t\t\t\t\t\t\t\t\t\t\t\t\t\t<span class=\"elementor-toggle-icon-closed\"><i class=\"fas fa-chevron-down\"><\/i><\/span>\n\t\t\t\t\t\t\t\t<span class=\"elementor-toggle-icon-opened\"><i class=\"elementor-toggle-icon-opened fas fa-chevron-up\"><\/i><\/span>\n\t\t\t\t\t\t\t\t\t\t\t\t\t<\/span>\n\t\t\t\t\t\t\t\t\t\t\t\t<a class=\"elementor-toggle-title\" tabindex=\"0\">A\u00e9roports internationaux les plus proches<\/a>\n\t\t\t\t\t<\/div>\n\n\t\t\t\t\t<div id=\"elementor-tab-content-1651\" class=\"elementor-tab-content elementor-clearfix\" data-tab=\"1\" role=\"region\" aria-labelledby=\"elementor-tab-title-1651\"><p><strong>&#8211; Madrid<\/strong> capitale de l\u2019Espagne : <span style=\"text-decoration: underline;\"><br \/>\n  <a href=\"https:\/\/www.aena.es\/es\/adolfo-suarez-madrid-barajas.html\" target=\"_blank\" rel=\"noopener\">A\u00e9roport Adolfo Su\u00e1rez<\/a><br \/>\n<\/span><\/p>\n<p><strong>&#8211;<\/strong> S\u00e9ville (Andalousie): <span style=\"text-decoration: underline;\"><br \/>\n  <a href=\"https:\/\/www.aena.es\/es\/sevilla.html\" target=\"_blank\" rel=\"noopener\">A\u00e9roport San Pablo de S\u00e9ville<\/a><br \/>\n<\/span><\/p>\n<\/div>\n\t\t\t\t<\/div>\n\t\t\t\t\t\t\t<div class=\"elementor-toggle-item\">\n\t\t\t\t\t<div id=\"elementor-tab-title-1652\" class=\"elementor-tab-title\" data-tab=\"2\" role=\"button\" aria-controls=\"elementor-tab-content-1652\" aria-expanded=\"false\">\n\t\t\t\t\t\t\t\t\t\t\t\t<span class=\"elementor-toggle-icon elementor-toggle-icon-left\" aria-hidden=\"true\">\n\t\t\t\t\t\t\t\t\t\t\t\t\t\t\t<span class=\"elementor-toggle-icon-closed\"><i class=\"fas fa-chevron-down\"><\/i><\/span>\n\t\t\t\t\t\t\t\t<span class=\"elementor-toggle-icon-opened\"><i class=\"elementor-toggle-icon-opened fas fa-chevron-up\"><\/i><\/span>\n\t\t\t\t\t\t\t\t\t\t\t\t\t<\/span>\n\t\t\t\t\t\t\t\t\t\t\t\t<a class=\"elementor-toggle-title\" tabindex=\"0\">Covoiturage<\/a>\n\t\t\t\t\t<\/div>\n\n\t\t\t\t\t<div id=\"elementor-tab-content-1652\" class=\"elementor-tab-content elementor-clearfix\" data-tab=\"2\" role=\"region\" aria-labelledby=\"elementor-tab-title-1652\"><p><strong>BlablaTrajet en voiture<\/strong> de Madrid \u00e0 Jarandilla autour de 12-15 \u20ac<br \/><span style=\"text-decoration: underline;\"><a href=\"https:\/\/www.blablacar.es\/\" target=\"_blank\" rel=\"noopener\">https:\/\/www.blablacar.es\/<\/a><\/span><\/p>\n<\/div>\n\t\t\t\t<\/div>\n\t\t\t\t\t\t\t<div class=\"elementor-toggle-item\">\n\t\t\t\t\t<div id=\"elementor-tab-title-1653\" class=\"elementor-tab-title\" data-tab=\"3\" role=\"button\" aria-controls=\"elementor-tab-content-1653\" aria-expanded=\"false\">\n\t\t\t\t\t\t\t\t\t\t\t\t<span class=\"elementor-toggle-icon elementor-toggle-icon-left\" aria-hidden=\"true\">\n\t\t\t\t\t\t\t\t\t\t\t\t\t\t\t<span class=\"elementor-toggle-icon-closed\"><i class=\"fas fa-chevron-down\"><\/i><\/span>\n\t\t\t\t\t\t\t\t<span class=\"elementor-toggle-icon-opened\"><i class=\"elementor-toggle-icon-opened fas fa-chevron-up\"><\/i><\/span>\n\t\t\t\t\t\t\t\t\t\t\t\t\t<\/span>\n\t\t\t\t\t\t\t\t\t\t\t\t<a class=\"elementor-toggle-title\" tabindex=\"0\">Voiture priv\u00e9e<\/a>\n\t\t\t\t\t<\/div>\n\n\t\t\t\t\t<div id=\"elementor-tab-content-1653\" class=\"elementor-tab-content elementor-clearfix\" data-tab=\"3\" role=\"region\" aria-labelledby=\"elementor-tab-title-1653\"><p>&#8211; <strong>Depuis Madrid<\/strong><br \/>A5 (217,5 km)<br \/>Nous arrivons \u00e0 Navalmoral de la Mata et prenons la route EX-119 en direction de Talayuela. Nous continuons vers Jarandilla de la Vera.<\/p>\n<p><strong>&#8211; Si vous venez du nord-ouest de l\u2019Espagne :<\/strong><br \/>La r\u00e9f\u00e9rence serait l\u2019A66: Burgos Valladolid &gt; Salamanca (ou Le\u00f3n &gt; Zamora Salamanca), en descendant l\u2019A66 jusqu\u2019\u00e0 Plasencia, o\u00f9 nous prendrons l\u2019EX-203 en direction de Tejeda de Ti\u00e9tar, Jara\u00edz de la Vera, Cuacos &gt; de Yuste, Aldeanueva de la Vera et enfin nous arriverons \u00e0 Jarandilla de la Vera&gt;.<\/p>\n<p><strong>&#8211; Si vous venez du sud de l\u2019Espagne, de S\u00e9ville :<\/strong><br \/>Suivez l\u2019A-66 jusqu\u2019\u00e0 Plasencia, puis prenez l\u2019EX 203 en direction de Jarandilla de la Vera.<br \/>Ou vous pouvez prendre l\u2019A5 \u00e0 M\u00e9rida en direction de Madrid, puis prendre l\u2019EX-119 \u00e0 Navalmoral de la Mata en direction de Talayuela et continuer jusqu\u2019\u00e0 Jarandilla de la Vera.<\/p>\n<p><strong>-Dans la r\u00e9gion de La Vera<br \/><\/strong> L\u2019EX-203 sert de route principale et relie la plupart des villes de la r\u00e9gion.<\/p>\n<p><strong>&#8211; Si vous venez de Lisbonne :<\/strong><br \/>La r\u00e9f\u00e9rence serait l\u2019A2 et l\u2019A6 \u00e0 Badajoz lorsque nous prendrons l\u2019A5. Nous continuons le long de l\u2019A5 jusqu\u2019\u00e0 Navalmoral de la Mata que nous prendrons l\u2019EX-119 en direction de Jarandilla de la Vera<\/p>\n<\/div>\n\t\t\t\t<\/div>\n\t\t\t\t\t\t\t<div class=\"elementor-toggle-item\">\n\t\t\t\t\t<div id=\"elementor-tab-title-1654\" class=\"elementor-tab-title\" data-tab=\"4\" role=\"button\" aria-controls=\"elementor-tab-content-1654\" aria-expanded=\"false\">\n\t\t\t\t\t\t\t\t\t\t\t\t<span class=\"elementor-toggle-icon elementor-toggle-icon-left\" aria-hidden=\"true\">\n\t\t\t\t\t\t\t\t\t\t\t\t\t\t\t<span class=\"elementor-toggle-icon-closed\"><i class=\"fas fa-chevron-down\"><\/i><\/span>\n\t\t\t\t\t\t\t\t<span class=\"elementor-toggle-icon-opened\"><i class=\"elementor-toggle-icon-opened fas fa-chevron-up\"><\/i><\/span>\n\t\t\t\t\t\t\t\t\t\t\t\t\t<\/span>\n\t\t\t\t\t\t\t\t\t\t\t\t<a class=\"elementor-toggle-title\" tabindex=\"0\">En bus depuis Madrid<\/a>\n\t\t\t\t\t<\/div>\n\n\t\t\t\t\t<div id=\"elementor-tab-content-1654\" class=\"elementor-tab-content elementor-clearfix\" data-tab=\"4\" role=\"region\" aria-labelledby=\"elementor-tab-title-1654\"><p><strong>&#8211; Du lundi au vendredi<\/strong> : d\u00e9part Pr\u00edncipe Pio 8h30 \u2013&gt; arriv\u00e9e \u00e0 Jarandilla de la Vera 12h25<\/p>\n<p><strong>&#8211; Samedi et dimanche<\/strong>: d\u00e9part Pr\u00edncipe Pio 11:00 \u2014 arriv\u00e9e \u00e0 Jarandilla de la Vera 14:55 \/\/ d\u00e9part Pr\u00edncipe Pio 15:15 \u2014&gt;&gt; arriv\u00e9e \u00e0 Jarandilla de la Vera 18:40<\/p>\n<p><span style=\"text-decoration: underline;\"><a href=\"https:\/\/samar.es\/horarios\/autobuses\/Madrid+Principe+Pio\/Jarandilla+De+La+Vera\/831\/277\" target=\"_blank\" rel=\"noopener\">Acheter des billets  &gt;&gt;<\/a><\/span><\/p>\n<\/div>\n\t\t\t\t<\/div>\n\t\t\t\t\t\t\t<div class=\"elementor-toggle-item\">\n\t\t\t\t\t<div id=\"elementor-tab-title-1655\" class=\"elementor-tab-title\" data-tab=\"5\" role=\"button\" aria-controls=\"elementor-tab-content-1655\" aria-expanded=\"false\">\n\t\t\t\t\t\t\t\t\t\t\t\t<span class=\"elementor-toggle-icon elementor-toggle-icon-left\" aria-hidden=\"true\">\n\t\t\t\t\t\t\t\t\t\t\t\t\t\t\t<span class=\"elementor-toggle-icon-closed\"><i class=\"fas fa-chevron-down\"><\/i><\/span>\n\t\t\t\t\t\t\t\t<span class=\"elementor-toggle-icon-opened\"><i class=\"elementor-toggle-icon-opened fas fa-chevron-up\"><\/i><\/span>\n\t\t\t\t\t\t\t\t\t\t\t\t\t<\/span>\n\t\t\t\t\t\t\t\t\t\t\t\t<a class=\"elementor-toggle-title\" tabindex=\"0\">En train depuis Madrid<\/a>\n\t\t\t\t\t<\/div>\n\n\t\t\t\t\t<div id=\"elementor-tab-content-1655\" class=\"elementor-tab-content elementor-clearfix\" data-tab=\"5\" role=\"region\" aria-labelledby=\"elementor-tab-title-1655\"><p>D\u00e9part Gare de Madrid &#8211; Puerta de Atocha \u2192 Navalmoral de la Mata<\/p>\n<p><span style=\"text-decoration: underline;\"><a href=\"https:\/\/www.renfe.com\/es\/es\" target=\"_blank\" rel=\"noopener\">Lien vers renfe  &gt;&gt;<\/a><\/span><\/p>\n<\/div>\n\t\t\t\t<\/div>\n\t\t\t\t\t\t\t<div class=\"elementor-toggle-item\">\n\t\t\t\t\t<div id=\"elementor-tab-title-1656\" class=\"elementor-tab-title\" data-tab=\"6\" role=\"button\" aria-controls=\"elementor-tab-content-1656\" aria-expanded=\"false\">\n\t\t\t\t\t\t\t\t\t\t\t\t<span class=\"elementor-toggle-icon elementor-toggle-icon-left\" aria-hidden=\"true\">\n\t\t\t\t\t\t\t\t\t\t\t\t\t\t\t<span class=\"elementor-toggle-icon-closed\"><i class=\"fas fa-chevron-down\"><\/i><\/span>\n\t\t\t\t\t\t\t\t<span class=\"elementor-toggle-icon-opened\"><i class=\"elementor-toggle-icon-opened fas fa-chevron-up\"><\/i><\/span>\n\t\t\t\t\t\t\t\t\t\t\t\t\t<\/span>\n\t\t\t\t\t\t\t\t\t\t\t\t<a class=\"elementor-toggle-title\" tabindex=\"0\">Pour plus d\u2019informations<\/a>\n\t\t\t\t\t<\/div>\n\n\t\t\t\t\t<div id=\"elementor-tab-content-1656\" class=\"elementor-tab-content elementor-clearfix\" data-tab=\"6\" role=\"region\" aria-labelledby=\"elementor-tab-title-1656\"><p>&#8211; <span style=\"text-decoration: underline;\"><br \/>\n  <a href=\"http:\/\/www.jarandilladelavera.es\" target=\"_blank\" rel=\"noopener\">Office de Tourisme de Jarandilla de la Vera &gt;&gt;<\/a><br \/>\n<\/span> <\/p>\n<p>&#8211; <span style=\"text-decoration: underline;\"><br \/>\n  <a href=\"https:\/\/turismo.caceres.es\" target=\"_blank\" rel=\"noopener\">Office de tourisme de C\u00e1ceres &gt;&gt;<\/a><br \/>\n<\/span> <\/p>\n<p>&#8211; <span style=\"text-decoration: underline;\"><br \/>\n  <a href=\"http:\/\/www.jaraizdelavera.es\/\" target=\"_blank\" rel=\"noopener\">Office de Tourisme de Jara\u00edz de la Vera &gt;&gt;<\/a><br \/>\n<\/span> <\/p>\n<p>&#8211; <a href=\"http:\/\/www.losardelavera.com\/web\/index.php\/el-municipio\/instalaciones-municipales\/24-oficina-municipal-de-turismo\" target=\"_blank\" rel=\"noopener\"><br \/>\n  <span style=\"text-decoration: underline;\">Office de Tourisme de Losar de la Vera &gt;&gt;<\/span><br \/>\n<\/a> <\/p>\n<p>&#8211; <span style=\"text-decoration: underline;\"><br \/>\n  <a href=\"https:\/\/villanuevadelavera.wordpress.com\" target=\"_blank\" rel=\"noopener\">Office de Tourisme de Villanueva de la Vera &gt;&gt;<\/a><br \/>\n<\/span> <\/p>\n<\/div>\n\t\t\t\t<\/div>\n\t\t\t\t\t\t\t\t<\/div>\n\t\t\t\t\t\t<\/div>\n\t\t\t\t<\/div>\n\t\t\t\t\t<\/div>\n\t\t<\/div>\n\t\t\t\t\t<\/div>\n\t\t<\/section>\n\t\t\t\t\t<\/div>\n\t\t<\/div>\n\t\t\t\t\t<\/div>\n\t\t<\/section>\n\t\t\t\t<\/div>\n\t\t","protected":false},"excerpt":{"rendered":"<p>D\u00e9couvrez comment vous rendre \u00e0 Jarandilla de la Vera en Estr\u00e9madure, en voiture ou en bus : BlaBlaCar, itin\u00e9raires, a\u00e9roports \u00e0 proximit\u00e9 et plus encore.<\/p>\n","protected":false},"author":1,"featured_media":5932,"parent":0,"menu_order":0,"comment_status":"closed","ping_status":"closed","template":"elementor_header_footer","meta":{"_seopress_robots_primary_cat":"","_seopress_titles_title":"","_seopress_titles_desc":"Nous sommes \u00e0 Jarandilla de la Vera, C\u00e1ceres, Estr\u00e9madure, Espagne. La Vera est une r\u00e9gion situ\u00e9e au nord-ouest de l\u2019Estr\u00e9madure, sur le versant sud de la Sierra de Gredos et \u00e0 moins de 2h15 en voiture de Madrid.","_seopress_robots_index":"","footnotes":""},"class_list":["post-4256","page","type-page","status-publish","has-post-thumbnail","hentry"],"_links":{"self":[{"href":"https:\/\/alohavera.es\/fr\/wp-json\/wp\/v2\/pages\/4256","targetHints":{"allow":["GET"]}}],"collection":[{"href":"https:\/\/alohavera.es\/fr\/wp-json\/wp\/v2\/pages"}],"about":[{"href":"https:\/\/alohavera.es\/fr\/wp-json\/wp\/v2\/types\/page"}],"author":[{"embeddable":true,"href":"https:\/\/alohavera.es\/fr\/wp-json\/wp\/v2\/users\/1"}],"replies":[{"embeddable":true,"href":"https:\/\/alohavera.es\/fr\/wp-json\/wp\/v2\/comments?post=4256"}],"version-history":[{"count":8,"href":"https:\/\/alohavera.es\/fr\/wp-json\/wp\/v2\/pages\/4256\/revisions"}],"predecessor-version":[{"id":7636,"href":"https:\/\/alohavera.es\/fr\/wp-json\/wp\/v2\/pages\/4256\/revisions\/7636"}],"wp:featuredmedia":[{"embeddable":true,"href":"https:\/\/alohavera.es\/fr\/wp-json\/wp\/v2\/media\/5932"}],"wp:attachment":[{"href":"https:\/\/alohavera.es\/fr\/wp-json\/wp\/v2\/media?parent=4256"}],"curies":[{"name":"wp","href":"https:\/\/api.w.org\/{rel}","templated":true}]}}