{"id":6290,"date":"2022-10-06T02:13:24","date_gmt":"2022-10-06T02:13:24","guid":{"rendered":"https:\/\/alohavera.es\/mentions-legales\/"},"modified":"2023-12-13T10:46:52","modified_gmt":"2023-12-13T10:46:52","slug":"mentions-legales","status":"publish","type":"page","link":"https:\/\/alohavera.es\/fr\/mentions-legales\/","title":{"rendered":"Mentions l\u00e9gales"},"content":{"rendered":"\t\t<div data-elementor-type=\"wp-page\" data-elementor-id=\"6290\" class=\"elementor elementor-6290 elementor-1926\" data-elementor-post-type=\"page\">\n\t\t\t\t\t\t<section class=\"elementor-section elementor-top-section elementor-element elementor-element-bb6ef04 elementor-section-boxed elementor-section-height-default elementor-section-height-default\" data-id=\"bb6ef04\" data-element_type=\"section\" data-e-type=\"section\">\n\t\t\t\t\t\t<div class=\"elementor-container elementor-column-gap-default\">\n\t\t\t\t\t<div class=\"elementor-column elementor-col-100 elementor-top-column elementor-element elementor-element-377c1b9\" data-id=\"377c1b9\" data-element_type=\"column\" data-e-type=\"column\">\n\t\t\t<div class=\"elementor-widget-wrap elementor-element-populated\">\n\t\t\t\t\t\t<section class=\"elementor-section elementor-inner-section elementor-element elementor-element-6443f3d elementor-section-boxed elementor-section-height-default elementor-section-height-default\" data-id=\"6443f3d\" data-element_type=\"section\" data-e-type=\"section\">\n\t\t\t\t\t\t<div class=\"elementor-container elementor-column-gap-default\">\n\t\t\t\t\t<div class=\"elementor-column elementor-col-100 elementor-inner-column elementor-element elementor-element-5c27432\" data-id=\"5c27432\" data-element_type=\"column\" data-e-type=\"column\">\n\t\t\t<div class=\"elementor-widget-wrap elementor-element-populated\">\n\t\t\t\t\t\t<div class=\"elementor-element elementor-element-e2e1485 elementor-widget elementor-widget-heading\" data-id=\"e2e1485\" data-element_type=\"widget\" data-e-type=\"widget\" data-widget_type=\"heading.default\">\n\t\t\t\t<div class=\"elementor-widget-container\">\n\t\t\t\t\t<h2 class=\"elementor-heading-title elementor-size-default\">D\u00c9TAILS DE LA SOCI\u00c9T\u00c9<\/h2>\t\t\t\t<\/div>\n\t\t\t\t<\/div>\n\t\t\t\t<div class=\"elementor-element elementor-element-b0f7067 elementor-widget elementor-widget-text-editor\" data-id=\"b0f7067\" data-element_type=\"widget\" data-e-type=\"widget\" data-widget_type=\"text-editor.default\">\n\t\t\t\t<div class=\"elementor-widget-container\">\n\t\t\t\t\t\t\t\t\t<p>Conform\u00e9ment au devoir d\u2019information pr\u00e9vu \u00e0 l\u2019article 10 de la loi 34\/2002, du 11 juillet, sur les services de la soci\u00e9t\u00e9 de l\u2019information et du commerce \u00e9lectronique (LSSICE), les donn\u00e9es d\u2019identification de l\u2019entreprise sont pr\u00e9sent\u00e9es ci-dessous :<\/p>\n<p>Nom de <b>l\u2019entreprise&nbsp;: ALOHA VERA&nbsp;: ESPACIO DE EXPERIENCIAS IDIOMATICAS, S.L.<\/b><\/p>\n<p>Si\u00e8ge social : <b>Calle Altozano 10, 10450 Jarandilla de la Vera, C\u00e1ceres, Espagne.<\/b><\/p>\n<p>Courriel : <b>vive@alohavera.es<\/b><\/p>\n<p><\/p>\t\t\t\t\t\t\t\t<\/div>\n\t\t\t\t<\/div>\n\t\t\t\t<div class=\"elementor-element elementor-element-176dbd8 elementor-widget elementor-widget-heading\" data-id=\"176dbd8\" data-element_type=\"widget\" data-e-type=\"widget\" data-widget_type=\"heading.default\">\n\t\t\t\t<div class=\"elementor-widget-container\">\n\t\t\t\t\t<h3 class=\"elementor-heading-title elementor-size-default\">PROPRI\u00c9T\u00c9 INDUSTRIELLE ET INTELLECTUELLE<\/h3>\t\t\t\t<\/div>\n\t\t\t\t<\/div>\n\t\t\t\t<div class=\"elementor-element elementor-element-dfd0062 elementor-widget elementor-widget-text-editor\" data-id=\"dfd0062\" data-element_type=\"widget\" data-e-type=\"widget\" data-widget_type=\"text-editor.default\">\n\t\t\t\t<div class=\"elementor-widget-container\">\n\t\t\t\t\t\t\t\t\t<p>La conception du site web et ses codes sources, ainsi que les logos, marques et autres signes distinctifs qui y figurent appartiennent \u00e0<b> ALOHA VERA&nbsp;: ESPACIO DE EXPERIENCIAS IDIOMATICAS, S.L. <\/b>et sont prot\u00e9g\u00e9s par les droits de propri\u00e9t\u00e9 intellectuelle et industrielle correspondants.<\/p>\n\t\t\t\t\t\t\t\t<\/div>\n\t\t\t\t<\/div>\n\t\t\t\t<div class=\"elementor-element elementor-element-806b527 elementor-widget elementor-widget-heading\" data-id=\"806b527\" data-element_type=\"widget\" data-e-type=\"widget\" data-widget_type=\"heading.default\">\n\t\t\t\t<div class=\"elementor-widget-container\">\n\t\t\t\t\t<h3 class=\"elementor-heading-title elementor-size-default\">UTILISATEURS\n\n<\/h3>\t\t\t\t<\/div>\n\t\t\t\t<\/div>\n\t\t\t\t<div class=\"elementor-element elementor-element-8b2ebd6 elementor-widget elementor-widget-text-editor\" data-id=\"8b2ebd6\" data-element_type=\"widget\" data-e-type=\"widget\" data-widget_type=\"text-editor.default\">\n\t\t\t\t<div class=\"elementor-widget-container\">\n\t\t\t\t\t\t\t\t\t<p>L\u2019acc\u00e8s et\/ou l\u2019utilisation de ce portail conf\u00e8re le statut d\u2019utilisateur, qui accepte les conditions g\u00e9n\u00e9rales d\u2019utilisation pour pouvoir utiliser tous les services et informations fournis \u00e0 partir du portail. Ces conditions sont \u00e9nonc\u00e9es ci-dessous :<\/p>\n\t\t\t\t\t\t\t\t<\/div>\n\t\t\t\t<\/div>\n\t\t\t\t<div class=\"elementor-element elementor-element-c4259e2 elementor-widget elementor-widget-heading\" data-id=\"c4259e2\" data-element_type=\"widget\" data-e-type=\"widget\" data-widget_type=\"heading.default\">\n\t\t\t\t<div class=\"elementor-widget-container\">\n\t\t\t\t\t<h3 class=\"elementor-heading-title elementor-size-default\">TERMES &amp; CONDITIONS\n<\/h3>\t\t\t\t<\/div>\n\t\t\t\t<\/div>\n\t\t\t\t<div class=\"elementor-element elementor-element-8b7403d elementor-widget elementor-widget-text-editor\" data-id=\"8b7403d\" data-element_type=\"widget\" data-e-type=\"widget\" data-widget_type=\"text-editor.default\">\n\t\t\t\t<div class=\"elementor-widget-container\">\n\t\t\t\t\t\t\t\t\t<p>Les pr\u00e9sentes conditions d\u2019utilisation du site Web (ci-apr\u00e8s \u00e9galement d\u00e9nomm\u00e9 le portail) r\u00e9gissent les conditions d\u2019acc\u00e8s et d\u2019utilisation du portail  <b>ALOHA VERA&nbsp;: ESPACIO DE EXPERIENCIAS IDIOMATICAS, S.L.  <\/b>Le simple acc\u00e8s ou l\u2019utilisation du portail, de tout ou partie de ses contenus et services implique l\u2019acceptation enti\u00e8re et expresse des pr\u00e9sentes conditions d\u2019utilisation. La mise \u00e0 disposition et l\u2019utilisation du portail sont soumises au strict respect des termes \u00e9nonc\u00e9s dans les pr\u00e9sentes conditions d\u2019utilisation du portail et des services mis \u00e0 la disposition des utilisateurs sur et\/ou via le portail, soit par le portail, soit par ses utilisateurs, soit par tout tiers. Toutefois, l\u2019acc\u00e8s et l\u2019utilisation de certains contenus et\/ou services peuvent \u00eatre soumis \u00e0 certaines conditions sp\u00e9cifiques.<\/p>\n<p>La soci\u00e9t\u00e9 se r\u00e9serve le droit de modifier \u00e0 tout moment les conditions g\u00e9n\u00e9rales d\u2019utilisation du portail. Dans tous les cas, il est recommand\u00e9 de consulter p\u00e9riodiquement les pr\u00e9sentes conditions g\u00e9n\u00e9rales d\u2019utilisation du portail, car elles peuvent \u00eatre modifi\u00e9es.<\/p>\n\t\t\t\t\t\t\t\t<\/div>\n\t\t\t\t<\/div>\n\t\t\t\t<div class=\"elementor-element elementor-element-3c752aa elementor-widget elementor-widget-heading\" data-id=\"3c752aa\" data-element_type=\"widget\" data-e-type=\"widget\" data-widget_type=\"heading.default\">\n\t\t\t\t<div class=\"elementor-widget-container\">\n\t\t\t\t\t<h3 class=\"elementor-heading-title elementor-size-default\">OBLIGATIONS DE L\u2019UTILISATEUR\n<\/h3>\t\t\t\t<\/div>\n\t\t\t\t<\/div>\n\t\t\t\t<div class=\"elementor-element elementor-element-1856599 elementor-widget elementor-widget-text-editor\" data-id=\"1856599\" data-element_type=\"widget\" data-e-type=\"widget\" data-widget_type=\"text-editor.default\">\n\t\t\t\t<div class=\"elementor-widget-container\">\n\t\t\t\t\t\t\t\t\t<p>L\u2019utilisateur doit respecter \u00e0 tout moment les termes et conditions \u00e9tablis dans le pr\u00e9sent avis l\u00e9gal. L\u2019utilisateur d\u00e9clare express\u00e9ment qu\u2019il utilisera le portail avec diligence et assumera toute responsabilit\u00e9 pouvant d\u00e9couler du non-respect des r\u00e8gles.<\/p>\n<p>L\u2019utilisateur s\u2019engage, dans les cas o\u00f9 des donn\u00e9es ou des informations sont demand\u00e9es, \u00e0 ne pas falsifier son identit\u00e9 en usurpant l\u2019identit\u00e9 d\u2019une autre personne. L\u2019utilisateur accepte que l\u2019utilisation du portail soit effectu\u00e9e \u00e0 des fins strictement personnelles, priv\u00e9es et particuli\u00e8res. L\u2019utilisateur ne peut pas utiliser le portail pour des activit\u00e9s contraires \u00e0 la loi, \u00e0 la morale et \u00e0 l\u2019ordre public, ainsi qu\u2019\u00e0 des fins interdites ou \u00e0 des fins qui violent ou nuisent aux droits de tiers. De m\u00eame, la diffusion, le stockage et\/ou la gestion de donn\u00e9es ou de contenus qui portent atteinte aux droits de tiers ou \u00e0 toute r\u00e9glementation r\u00e9gissant les droits de propri\u00e9t\u00e9 intellectuelle ou industrielle sont interdits.<\/p>\n<p>De m\u00eame, l\u2019utilisateur ne peut pas utiliser le portail pour transmettre, stocker, divulguer, promouvoir ou distribuer des donn\u00e9es ou des contenus porteurs de virus ou de tout autre code informatique, fichiers ou programmes con\u00e7us pour interrompre, d\u00e9truire ou alt\u00e9rer le fonctionnement de tout programme ou \u00e9quipement informatique ou de t\u00e9l\u00e9communications.<\/p>\n<p>L\u2019utilisateur s\u2019engage \u00e0 indemniser et \u00e0 d\u00e9gager de toute responsabilit\u00e9 le portail pour tout dommage, perte, p\u00e9nalit\u00e9, amende, p\u00e9nalit\u00e9 ou indemnit\u00e9 auquel le portail doit faire face en raison de son utilisation inappropri\u00e9e par l\u2019utilisateur.<\/p>\n\t\t\t\t\t\t\t\t<\/div>\n\t\t\t\t<\/div>\n\t\t\t\t\t<\/div>\n\t\t<\/div>\n\t\t\t\t\t<\/div>\n\t\t<\/section>\n\t\t\t\t\t<\/div>\n\t\t<\/div>\n\t\t\t\t\t<\/div>\n\t\t<\/section>\n\t\t\t\t<\/div>\n\t\t","protected":false},"excerpt":{"rendered":"<p>D\u00c9TAILS DE LA SOCI\u00c9T\u00c9 Conform\u00e9ment au devoir d\u2019information pr\u00e9vu \u00e0 l\u2019article 10 de la loi 34\/2002, du 11 juillet, sur les services de la soci\u00e9t\u00e9 de l\u2019information et du commerce \u00e9lectronique (LSSICE), les donn\u00e9es d\u2019identification de l\u2019entreprise sont pr\u00e9sent\u00e9es ci-dessous : Nom de l\u2019entreprise&nbsp;: ALOHA VERA&nbsp;: ESPACIO DE EXPERIENCIAS IDIOMATICAS, S.L. Si\u00e8ge social : Calle [&hellip;]<\/p>\n","protected":false},"author":1,"featured_media":0,"parent":0,"menu_order":0,"comment_status":"closed","ping_status":"closed","template":"elementor_header_footer","meta":{"_seopress_robots_primary_cat":"","_seopress_titles_title":"","_seopress_titles_desc":"","_seopress_robots_index":"","footnotes":""},"class_list":["post-6290","page","type-page","status-publish","hentry"],"_links":{"self":[{"href":"https:\/\/alohavera.es\/fr\/wp-json\/wp\/v2\/pages\/6290","targetHints":{"allow":["GET"]}}],"collection":[{"href":"https:\/\/alohavera.es\/fr\/wp-json\/wp\/v2\/pages"}],"about":[{"href":"https:\/\/alohavera.es\/fr\/wp-json\/wp\/v2\/types\/page"}],"author":[{"embeddable":true,"href":"https:\/\/alohavera.es\/fr\/wp-json\/wp\/v2\/users\/1"}],"replies":[{"embeddable":true,"href":"https:\/\/alohavera.es\/fr\/wp-json\/wp\/v2\/comments?post=6290"}],"version-history":[{"count":1,"href":"https:\/\/alohavera.es\/fr\/wp-json\/wp\/v2\/pages\/6290\/revisions"}],"predecessor-version":[{"id":6292,"href":"https:\/\/alohavera.es\/fr\/wp-json\/wp\/v2\/pages\/6290\/revisions\/6292"}],"wp:attachment":[{"href":"https:\/\/alohavera.es\/fr\/wp-json\/wp\/v2\/media?parent=6290"}],"curies":[{"name":"wp","href":"https:\/\/api.w.org\/{rel}","templated":true}]}}