{"id":6297,"date":"2022-02-16T10:43:23","date_gmt":"2022-02-16T10:43:23","guid":{"rendered":"https:\/\/alohavera.es\/termes-et-conditions\/"},"modified":"2025-05-13T21:46:19","modified_gmt":"2025-05-13T21:46:19","slug":"termes-et-conditions","status":"publish","type":"page","link":"https:\/\/alohavera.es\/fr\/termes-et-conditions\/","title":{"rendered":"Termes et conditions"},"content":{"rendered":"\t\t<div data-elementor-type=\"wp-page\" data-elementor-id=\"6297\" class=\"elementor elementor-6297 elementor-188\" data-elementor-post-type=\"page\">\n\t\t\t\t<div class=\"elementor-element elementor-element-3a2468e e-flex e-con-boxed e-con e-parent\" data-id=\"3a2468e\" data-element_type=\"container\" data-e-type=\"container\">\n\t\t\t\t\t<div class=\"e-con-inner\">\n\t\t\t\t<div class=\"elementor-element elementor-element-17ac81e elementor-widget elementor-widget-heading\" data-id=\"17ac81e\" data-element_type=\"widget\" data-e-type=\"widget\" data-widget_type=\"heading.default\">\n\t\t\t\t<div class=\"elementor-widget-container\">\n\t\t\t\t\t<h2 class=\"elementor-heading-title elementor-size-default\">Termes et conditions<\/h2>\t\t\t\t<\/div>\n\t\t\t\t<\/div>\n\t\t\t\t<div class=\"elementor-element elementor-element-449da47 elementor-widget elementor-widget-text-editor\" data-id=\"449da47\" data-element_type=\"widget\" data-e-type=\"widget\" data-widget_type=\"text-editor.default\">\n\t\t\t\t<div class=\"elementor-widget-container\">\n\t\t\t\t\t\t\t\t\t<h4>1. CONDITIONS G\u00c9N\u00c9RALES PR\u00c9CONTRACTUELLES<\/h4>\n<p>a) Les pr\u00e9sentes Conditions G\u00e9n\u00e9rales r\u00e9gissent express\u00e9ment les relations commerciales entre THE ACCOMMODATION et les Utilisateurs Priv\u00e9s qui, par le biais du site Internet https:\/\/alohavera.es\/ (ci-apr\u00e8s, le \u00ab Site \u00bb) appartenant \u00e0 THE ACCOMMODATION, acqui\u00e8rent \u00e0 tout moment les produits propos\u00e9s aux Utilisateurs Priv\u00e9s sp\u00e9cifiquement pour la vente en ligne (ci-apr\u00e8s, les \u00ab Services \u00bb) (ci-apr\u00e8s,  les \u00ab Clients \u00bb).<\/p>\n<p>b) Les pr\u00e9sentes Conditions G\u00e9n\u00e9rales ont \u00e9t\u00e9 \u00e9labor\u00e9es conform\u00e9ment aux dispositions de la loi 34\/2002 du 11 juillet 2002 sur les services de la soci\u00e9t\u00e9 de l\u2019information et du commerce \u00e9lectronique, de la loi 7\/1998 sur les conditions g\u00e9n\u00e9rales de passation des march\u00e9s, du d\u00e9cret royal l\u00e9gislatif 1\/2007 du 16 novembre 2007 portant approbation du texte r\u00e9vis\u00e9 de la loi g\u00e9n\u00e9rale pour la d\u00e9fense des consommateurs et des utilisateurs et d\u2019autres lois compl\u00e9mentaires,  Loi 3\/2014 du 27 mars 2014 modifiant le texte r\u00e9vis\u00e9 de la Loi g\u00e9n\u00e9rale pour la d\u00e9fense des consommateurs et des utilisateurs et d\u2019autres lois compl\u00e9mentaires, et Loi 7\/1996 du 15 janvier 1996 sur la r\u00e9glementation du commerce de d\u00e9tail.<\/p>\n<p>c) L\u2019H\u00c9BERGEMENT peut modifier unilat\u00e9ralement, \u00e0 tout moment qu\u2019il juge opportun, la configuration et le contenu des pr\u00e9sentes Conditions G\u00e9n\u00e9rales. N\u00e9anmoins, les Conditions G\u00e9n\u00e9rales applicables \u00e0 une transaction donn\u00e9e seront celles en vigueur au moment de la formalisation de celle-ci.<\/p>\n<p>d) Les termes et conditions applicables \u00e0 l\u2019achat des Produits propos\u00e9s \u00e0 la vente au public par THE ACCOMMODATION via son site Web seront tous ceux d\u00e9crits dans les pr\u00e9sentes Conditions G\u00e9n\u00e9rales et qui seront d\u00e9taill\u00e9s sur le Site Web tout au long du processus d\u2019achat en ligne. En utilisant le site Web, les utilisateurs d\u00e9clarent conna\u00eetre et accepter les diff\u00e9rentes proc\u00e9dures n\u00e9cessaires pour acc\u00e9der aux diff\u00e9rents produits propos\u00e9s sur le site Web, ainsi que pour formaliser l\u2019achat de ceux-ci.<\/p>\n<p>e) Le Client accepte sans r\u00e9serve les Conditions G\u00e9n\u00e9rales de Vente lors de la passation d\u2019une commande de Produits \u00e0 L\u2019H\u00c9BERGEMENT, ayant pr\u00e9alablement connaissance de leur contenu en en ayant fourni une copie de ceux-ci, en plus d\u2019\u00eatre publi\u00e9s sur le site internet de l\u2019h\u00e9bergement (le Site Internet), en version t\u00e9l\u00e9chargeable et imprimable.<\/p>\n<h4>&nbsp;<\/h4>\n<h4>2. IDENTIFICATION DU VENDEUR ET DES CLIENTS<\/h4>\n<p>a) Les donn\u00e9es d\u2019identification du site Web sont les suivantes : https:\/\/alohavera.es\/ (Aloha Vera : espacio de experiencias idiom\u00e1ticas S.L.), CIF B-10640753, si\u00e8ge social situ\u00e9 Calle Altozano 10, 10450 Jarandilla de la Vera, C\u00e1ceres, Espagne<\/p>\n<p>Adresse e-mail : vive@alohavera.es<\/p>\n<p>b) Afin d\u2019effectuer des achats sur le site Web, il sera n\u00e9cessaire pour les clients d\u2019effectuer leur r\u00e9servation en marquant la r\u00e9servation et le nombre d\u2019invit\u00e9s, ainsi que les d\u00e9tails sp\u00e9cifiques.<\/p>\n<h4>&nbsp;<\/h4>\n<h4>3. NATURE DU SITE WEB<\/h4>\n<p>Pour r\u00e9server l\u2019h\u00e9bergement, le Client doit r\u00e9pondre aux caract\u00e9ristiques suivantes :<\/p>\n<ul>\n<li>\u00catre une personne physique ou morale ayant une r\u00e9sidence ou un domicile situ\u00e9 sur le territoire international.<\/li>\n<li>Si vous \u00eates un particulier, vous devez \u00eatre majeur et avoir la capacit\u00e9 juridique suffisante pour effectuer la r\u00e9servation.<\/li>\n<li>Dans le cas d\u2019une personne morale, la personne qui effectue la r\u00e9servation doit disposer d\u2019une autorit\u00e9 suffisante pour effectuer la transaction au nom et pour le compte de la personne morale.<\/li>\n<li>Dans tous les cas, il doit \u00eatre consid\u00e9r\u00e9 comme le consommateur final, conform\u00e9ment aux dispositions du d\u00e9cret l\u00e9gislatif royal 1\/2007, du 16 novembre 2007, qui approuve le texte r\u00e9vis\u00e9 de la loi g\u00e9n\u00e9rale pour la d\u00e9fense des consommateurs et des utilisateurs, c\u2019est-\u00e0-dire pour la consommation personnelle du client ou celle des personnes au nom desquelles le client est l\u00e9galement autoris\u00e9 \u00e0 agir. En cons\u00e9quence, les grossistes, distributeurs, centrales d\u2019achat, grands magasins, autres interm\u00e9diaires professionnels du m\u00eame secteur que ce site Web sont exclus, sans limitation, de l\u2019utilisation du site Web.<\/li>\n<\/ul>\n<h4>&nbsp;<\/h4>\n<h4>4. H\u00c9BERGEMENT OFFERT<\/h4>\n<p>a) L\u2019H\u00c9BERGEMENT publiera, avec l\u2019image de chacune des chambres ou h\u00e9bergements faisant l\u2019objet d\u2019une r\u00e9servation sur le site Web, les caract\u00e9ristiques sp\u00e9cifiques de chacune d\u2019entre elles, y compris les services inclus, et le prix applicable.<\/p>\n<p>b) L\u2019H\u00c9BERGEMENT garantit que le prix sera le prix en vigueur le jour de la formalisation de la r\u00e9servation, quel que soit le jour o\u00f9 la prestation est formalis\u00e9e.<\/p>\n<p>c) S\u2019il existe des offres applicables sur le prix de l\u2019h\u00e9bergement, celles-ci seront indiqu\u00e9es \u00e0 c\u00f4t\u00e9 du prix initial avec une police diff\u00e9rente qui permet au Client d\u2019identifier clairement le prix final. Dans tous les cas, la dur\u00e9e de validit\u00e9 temporaire de l\u2019offre sera indiqu\u00e9e.<\/p>\n<p>d) L\u2019H\u00c9BERGEMENT peut, unilat\u00e9ralement et \u00e0 tout moment, proposer de nouveaux Services vendus sur le Site Web ainsi que suspendre ou annuler, temporairement ou ind\u00e9finiment, l\u2019un des services.<\/p>\n<p>e) Les tarifs \u00e9tablis sur le Site incluent&nbsp;la TVA applicable \u00e0 chaque service, mais pas toute autre taxe applicable. L\u2019H\u00c9BERGEMENT s\u2019engage \u00e0 maintenir les prix \u00e0 jour conform\u00e9ment \u00e0 la taxe applicable \u00e0 tout moment.<\/p>\n<p>f) L\u2019H\u00c9BERGEMENT garantit la disponibilit\u00e9 de tous les h\u00e9bergements propos\u00e9s sur le Site.<\/p>\n<h4>&nbsp;<\/h4>\n<h4>5. SYST\u00c8ME DE R\u00c9SERVATION<\/h4>\n<p>Le Client doit s\u00e9lectionner l\u2019h\u00e9bergement choisi, remplir le formulaire de r\u00e9servation et payer le montant correspondant.<\/p>\n<p>Au moment de la r\u00e9servation, 100&nbsp;% du montant total sera pay\u00e9 directement sur le site web par l\u2019interm\u00e9diaire de notre prestataire de services de paiement en ligne (Redsys ou Stripe). Dans le cas o\u00f9, pour une raison quelconque, le paiement de la r\u00e9servation ne peut pas \u00eatre effectu\u00e9, il sera \u00e0 nouveau gratuit.<\/p>\n<p>Veuillez noter que la r\u00e9servation ne sera pas confirm\u00e9e tant que le client n\u2019aura pas re\u00e7u un e-mail de confirmation. Si vous ne recevez pas cet e-mail, vous devez nous contacter par les moyens indiqu\u00e9s ci-dessus.<\/p>\n<p>La proc\u00e9dure de r\u00e9servation se fera en espagnol.<\/p>\n<p>Pour les conditions d\u2019annulation, veuillez lire le point&nbsp;10. POLITIQUE D\u2019ANNULATION ET DE REMBOURSEMENT&nbsp;de ce document.<\/p>\n<h4>6. CONDITIONS DE R\u00c9SERVATION<\/h4>\n<p>Le client reconna\u00eet et est clair que ce contrat n\u2019est pas un contrat de location de logement, c\u2019est un contrat de location touristique. Le nombre total de places occup\u00e9es d\u00e9pendra de l\u2019h\u00e9bergement choisi. Le client ne peut pas accueillir un nombre de personnes sup\u00e9rieur \u00e0 ce qui est convenu dans les pr\u00e9sentes. Il n\u2019est pas permis d\u2019inviter d\u2019autres personnes qui n\u2019apparaissent pas dans le nombre total de places occup\u00e9es dans ce contrat \u00e0 utiliser les installations, sauf demande de l\u2019\u00e9tablissement (moyennant un co\u00fbt suppl\u00e9mentaire \u00e0 convenir).<\/p>\n<p>Le syst\u00e8me de r\u00e9servation vous indiquera pour les dates choisies si le s\u00e9jour minimum est valable dans chaque cas.<\/p>\n<p>Le tarif comprend le linge de maison (draps et serviettes) et le nettoyage final du logement.<\/p>\n<p>Articles de courtoisie \u00e0 la disposition du client : produits de premi\u00e8re n\u00e9cessit\u00e9 (sel, poivre, huile, vinaigre&#8230;), chiffons et essuie-tout, nappe, sacs poubelles et ustensiles de nettoyage (savon \u00e0 vaisselle, savon \u00e0 vaisselle), savon pour les mains et papier toilette.<\/p>\n<p>La propri\u00e9t\u00e9 a montr\u00e9 l\u2019\u00e9tablissement au client avant de l\u2019occuper, et le client est d\u2019accord avec l\u2019\u00e9tat d\u2019hygi\u00e8ne de celui-ci, ainsi que son contenu mat\u00e9riel et son prix.<\/p>\n<p>L\u2019entreprise ou le responsable a le droit d\u2019entrer dans l\u2019\u00e9tablissement, soit pour effectuer des contr\u00f4les de routine sur l\u2019\u00e9tat de l\u2019\u00e9tablissement, soit en raison d\u2019un cas de force majeure ou d\u2019autres inconv\u00e9nients. Le client est responsable de tout dommage qui pourrait survenir pendant le s\u00e9jour. Tout probl\u00e8me d\u2019\u00e9quipement ou de services pouvant survenir dans l\u2019\u00e9tablissement sera signal\u00e9 au propri\u00e9taire.<\/p>\n<p>En cas de d\u00e9faut, le d\u00e9faut ou le dommage et l\u2019\u00e9valuation \u00e9conomique du dommage seront pr\u00e9cis\u00e9ment d\u00e9taill\u00e9s et communiqu\u00e9s \u00e0 l\u2019utilisateur.<\/p>\n<p>Entr\u00e9es et sorties&nbsp;:<\/p>\n<ul>\n<li>Arriv\u00e9e&nbsp;: 15&nbsp;:00 &#8211; 20&nbsp;:00<\/li>\n<li>D\u00e9part&nbsp;: 08h00 &#8211; 12h00.<\/li>\n<\/ul>\n<p>Assurez-vous de nous indiquer votre heure d\u2019arriv\u00e9e approximative et surtout si elle est pr\u00e9vue apr\u00e8s 20h00, afin que nous puissions planifier l\u2019enregistrement et vous tenir inform\u00e9 de tout retard ou changement. Le num\u00e9ro de t\u00e9l\u00e9phone ou l\u2019adresse e-mail fournis lors de la r\u00e9servation seront utilis\u00e9s dans le cas o\u00f9 nous aurions besoin de vous contacter.<\/p>\n<p>Vous serez inform\u00e9 avant votre arriv\u00e9e avec des informations plus d\u00e9taill\u00e9es pour le jour de votre arriv\u00e9e \u00e0 l\u2019h\u00e9bergement.<\/p>\n<p>Le jour du d\u00e9part, l\u2019h\u00e9bergement sera libre \u00e0 partir de 11h00. Toutefois, si les clients souhaitent entrer ou sortir du logement&nbsp;\u00e0 des heures diff\u00e9rentes, ils peuvent le faire avec accord pr\u00e9alable et \u00e0 condition qu\u2019il ne soit pas occup\u00e9 par un autre client le jour m\u00eame.<\/p>\n<p>Si vous devez partir plus tard, veuillez demander au moment de l\u2019enregistrement si cela est possible. Nous essaierons de r\u00e9pondre \u00e0 votre demande. Tout d\u00e9part apr\u00e8s 20h00 sera soumis \u00e0 la totalit\u00e9 du prix par nuit.<\/p>\n<p>Si les clients doivent quitter la maison, pour quelque raison que ce soit, avant la date pr\u00e9c\u00e9demment contract\u00e9e, ils n\u2019auront pas droit \u00e0 un remboursement total ou partiel du montant pay\u00e9.<\/p>\n<p>Aloha Vera met \u00e0 la disposition de ses clients, conform\u00e9ment \u00e0 la r\u00e9glementation en vigueur, des formulaires de r\u00e9clamation afin qu\u2019ils puissent enregistrer leurs r\u00e9clamations.<\/p>\n<h4>7. R\u00c8GLES INTERNES<\/h4>\n<p>&#8211; Les installations resteront en parfait \u00e9tat d\u2019utilisation, telles qu\u2019elles ont \u00e9t\u00e9 livr\u00e9es, et aucun meuble, appareil ou \u00e9quipement ne pourra \u00eatre d\u00e9plac\u00e9 de leur lieu d\u2019origine. En cas de panne ou de casse, les propri\u00e9taires de la maison en seront inform\u00e9s dans les plus brefs d\u00e9lais.<\/p>\n<p>&#8211; Les clients s\u00e9journant avec des animaux de compagnie seront responsables, \u00e0 tout moment, des actes et des dommages de l\u2019animal. De plus, ils emp\u00eacheront l\u2019enfant de grimper sur les canap\u00e9s, sur les lits et d\u2019utiliser les tapis des chambres pour dormir. Ils doivent ramasser les excr\u00e9ments de l\u2019animal.<\/p>\n<p>&#8211; La tranquillit\u00e9 des lieux doit \u00eatre respect\u00e9e, en \u00e9vitant de causer des d\u00e9sagr\u00e9ments aux habitants de la commune. La maison n\u2019est pas lou\u00e9e pour des f\u00eates, des enterrements de vie de gar\u00e7on ou similaires. L\u2019utilisation de karaok\u00e9s et d\u2019amplificateurs n\u2019est pas autoris\u00e9e.<\/p>\n<p>&#8211; Conform\u00e9ment \u00e0 la l\u00e9gislation en vigueur, il est interdit de fumer \u00e0 l\u2019int\u00e9rieur de la maison.<\/p>\n<p>&#8211; Le jardin sera maintenu parfaitement propre, sans jeter de m\u00e9gots de cigarettes, de papiers, etc., et les plantes qui s\u2019y trouvent seront respect\u00e9es.<\/p>\n<p>&#8211; Il ne sera permis de faire des feux que dans les endroits pr\u00e9par\u00e9s \u00e0 cet effet, le barbecue et la chemin\u00e9e, en prenant des mesures de s\u00e9curit\u00e9 maximales. En \u00e9t\u00e9, il sera permis d\u2019utiliser du charbon de bois et non du bois de chauffage, et \u00e0 condition qu\u2019il n\u2019y ait pas d\u2019interdiction expresse des autorit\u00e9s comp\u00e9tentes.<\/p>\n<p><b>Nettoyage:<\/b><\/p>\n<p>&#8211; La maison est enti\u00e8rement lou\u00e9e, par cons\u00e9quent, elle sera livr\u00e9e enti\u00e8rement propre et aucun nettoyage ne sera effectu\u00e9 pendant toute la dur\u00e9e du s\u00e9jour. En partant, les clients doivent laisser la maison propre.<\/p>\n<p>&#8211; Si le s\u00e9jour dans la maison est sup\u00e9rieur \u00e0 7 jours (6 nuits), un changement de linge de lit et de toilette sera effectu\u00e9.<\/p>\n<p>&#8211; L\u2019\u00e9quipement complet de la cuisine est fourni : vaisselle, batterie de cuisine, verrerie, couverts et ustensiles de cuisine. Ils doivent \u00eatre laiss\u00e9s propres et correctement plac\u00e9s, chacun \u00e0 sa place.<\/p>\n<p>&#8211; D\u00e9poser les ordures, les conteneurs, le verre et le papier, dans les conteneurs pr\u00e9vus \u00e0 cet effet situ\u00e9s dans le village.<\/p>\n<p>&#8211; Ne pas jeter dans les \u00e9gouts : huiles, plastiques, restes de nourriture, etc.<\/p>\n<p>&#8211; Des frais de m\u00e9nage de 50 \u20ac seront factur\u00e9s en cas de non-respect des r\u00e8gles de nettoyage et d\u2019entretien.<\/p>\n<p><b>Rendement \u00e9nerg\u00e9tique:<\/b><\/p>\n<p>&#8211; Le syst\u00e8me de chauffage chauffe toute la maison \u00e0 l\u2019aide de radiateurs et est inclus dans le prix du s\u00e9jour. Il doit \u00eatre utilis\u00e9 de mani\u00e8re responsable et appropri\u00e9e, en maintenant le thermostat \u00e0 une temp\u00e9rature ne d\u00e9passant pas 22 degr\u00e9s.<\/p>\n<p>&#8211; Le chauffage et la climatisation, divers appareils et \u00e9quipements multim\u00e9dias offrent confort et commodit\u00e9 aux invit\u00e9s de la maison. Profitez-en et faites-en un usage rationnel, ce sont des ressources dont le co\u00fbt \u00e9conomique et \u00e9cologique est important, et leur ma\u00eetrise nous permettra de maintenir des prix attractifs.<\/p>\n<p>&#8211; Les lumi\u00e8res doivent \u00eatre maintenues \u00e9teintes dans les pi\u00e8ces de la maison qui ne sont pas utilis\u00e9es, afin d\u2019encourager les \u00e9conomies d\u2019\u00e9nergie.<\/p>\n<p>&#8211; Lorsque vous utilisez la machine \u00e0 laver, essayez de le faire pour une charge compl\u00e8te et en utilisant les programmes \u00e9conomiques.<\/p>\n<h4>8. FACTURATION ET MODE DE PAIEMENT<\/h4>\n<p>a) Le Client recevra une facture au format num\u00e9rique apr\u00e8s le s\u00e9jour. L\u2019envoi de celui-ci sera envoy\u00e9 \u00e0 l\u2019adresse e-mail d\u00fbment indiqu\u00e9e par le Client.<\/p>\n<p>b) Conform\u00e9ment au d\u00e9cret royal 1619\/2012 du 30 novembre 2012, qui approuve la r\u00e9glementation r\u00e9gissant les obligations de facturation, la date limite d\u2019\u00e9mission des factures par L\u2019H\u00c9BERGEMENT sera le 16\u00e8me jour du mois suivant celui au cours duquel l\u2019achat a \u00e9t\u00e9 effectu\u00e9 par le Client.<\/p>\n<p>c) Le paiement des r\u00e9servations doit \u00eatre effectu\u00e9 par carte de cr\u00e9dit en utilisant les m\u00e9thodes indiqu\u00e9es ci-dessus.<\/p>\n<p>d) Notre site web et le syst\u00e8me de r\u00e9servation sont conformes et fonctionnent exclusivement selon les protocoles SLL afin de garantir une s\u00e9curit\u00e9 maximale dans tous les transferts de donn\u00e9es.<\/p>\n<p>e) Dans les passerelles de paiement utilis\u00e9es pour les paiements, le syst\u00e8me 3DSecure est utilis\u00e9, redirigeant les donn\u00e9es vers des serveurs s\u00e9curis\u00e9s sans que le commer\u00e7ant ne puisse y acc\u00e9der ou les stocker.<\/p>\n<h4>9. DROIT DE R\u00c9TRACTATION DES COMMANDES<\/h4>\n<p>Les services offerts sur ce site web constituent une exception au droit de r\u00e9tractation des consommateurs et des utilisateurs, car il s\u2019agit d\u2019un service d\u2019h\u00e9bergement touristique, et, par cons\u00e9quent, le droit de r\u00e9tractation susmentionn\u00e9 dispara\u00eet lorsque l\u2019utilisateur a connaissance de cette circonstance et l\u2019accepte au moment de la r\u00e9servation correspondante (article 103 lettre l du d\u00e9cret l\u00e9gislatif royal 1\/2007,  du 16 novembre, approuvant le texte r\u00e9vis\u00e9 de la loi g\u00e9n\u00e9rale pour la d\u00e9fense des consommateurs et des utilisateurs et d\u2019autres lois compl\u00e9mentaires).<\/p>\n<h4>10. POLITIQUE D\u2019ANNULATION ET DE REMBOURSEMENT<\/h4>\n<p>Jusqu\u2019\u00e0 2 semaines avant, 100% de la r\u00e9servation sera rembours\u00e9e.<\/p>\n<p>Des frais de 50% de la r\u00e9servation seront appliqu\u00e9s pour les annulations jusqu\u2019\u00e0 48 heures avant l\u2019arriv\u00e9e.<\/p>\n<p><span style=\"color: var( --e-global-color-text ); font-family: var( --e-global-typography-text-font-family ), Sans-serif; font-size: var( --e-global-typography-text-font-size ); font-weight: var( --e-global-typography-text-font-weight ); text-align: var(--text-align);\">80% de la r\u00e9servation sera factur\u00e9 pour les annulations de moins de 48 heures.<\/span><\/p>\n<p>Les remboursements seront effectu\u00e9s par le m\u00eame mode de paiement que celui utilis\u00e9 pour la r\u00e9servation. Le client recevra l\u2019argent imm\u00e9diatement sur le compte associ\u00e9 \u00e0 la carte avec laquelle la r\u00e9servation a \u00e9t\u00e9 pay\u00e9e apr\u00e8s confirmation de l\u2019annulation.<\/p>\n<p>Toute annulation, y compris en cas de force majeure, sera soumise \u00e0 notre politique d\u2019annulation. En cas de force majeure, avant d\u2019annuler la r\u00e9servation, veuillez nous contacter directement pour essayer de trouver une solution mutuellement b\u00e9n\u00e9fique.<\/p>\n<p>Dans le cas o\u00f9 THE ACCOMMODATION n\u2019est pas en mesure de fournir au client la maison qu\u2019il a r\u00e9serv\u00e9e en raison d\u2019un cas de force majeure, le client en sera inform\u00e9 dans les plus brefs d\u00e9lais pour essayer de trouver une solution optimale pour les deux parties. Si aucun accord n\u2019est trouv\u00e9, vous serez rembours\u00e9 de la totalit\u00e9 du montant pay\u00e9 jusqu\u2019\u00e0 pr\u00e9sent. Toute annulation ou modification doit \u00eatre faite par courriel ou par t\u00e9l\u00e9phone.<\/p>\n<p>Interruption de s\u00e9jour : Aucun remboursement ou cr\u00e9dit ne sera effectu\u00e9 en cas d\u2019interruption du s\u00e9jour dans l\u2019h\u00e9bergement.<\/p>\n<h4>&nbsp;<\/h4>\n<h4>11. PROTECTION DES DONN\u00c9ES PERSONNELLES<\/h4>\n<p>Consultez la&nbsp;<a href=\"https:\/\/alohavera.es\/politica-de-privacidad\/\">Politique de confidentialit\u00e9<\/a>.<\/p>\n<h4>&nbsp;<\/h4>\n<h4>12. COMMUNICATIONS ET SOUTIEN \u00c0 LA CLIENT\u00c8LE<\/h4>\n<p>Aux fins des pr\u00e9sentes Conditions G\u00e9n\u00e9rales, et pour toute communication qui pourrait \u00eatre requise entre LE LOGEMENT et les Utilisateurs, les Utilisateurs doivent contacter Aloha Vera par courrier \u00e9lectronique en envoyant un message \u00e0 vive@alohavera.es ou par communication \u00e9crite adress\u00e9e \u00e0&nbsp;C\/Altozano, 10, 10450 Jarandilla de la Vera, C\u00e1ceres, Espagne.<\/p>\n<p><\/p>\n<h4>13. OPPOSABILIT\u00c9 DES CONTRATS<\/h4>\n<p>La validit\u00e9 des contrats conclus par voie \u00e9lectronique est prot\u00e9g\u00e9e par l\u2019article 23, paragraphes 1 et 3, de la loi 34\/2002 sur les services de la soci\u00e9t\u00e9 de l\u2019information et le commerce \u00e9lectronique&nbsp;: \u00ab&nbsp;Les contrats conclus par voie \u00e9lectronique ont la m\u00eame validit\u00e9 et produisent tous les effets de l\u2019ordre juridique civil et commercial&nbsp;\u00bb.<\/p>\n<p>Le Contrat est conclu \u00e0 partir du moment o\u00f9 le client exprime son accord avec les pr\u00e9sentes conditions g\u00e9n\u00e9rales en cliquant sur le bouton Accepter et lire ces conditions et apr\u00e8s avoir correctement rempli le formulaire propos\u00e9 \u00e0 partir du serveur du Site Web ou en d\u00e9posant ou en envoyant ladite acceptation par tout autre moyen \u00e9lectronique ou traditionnel aux bureaux du si\u00e8ge social.<\/p>\n<p>Lors de cette acceptation, le client recevra une notification du site Web envoy\u00e9e automatiquement \u00e0 l\u2019adresse e-mail fournie lors de l\u2019inscription. Cet e-mail sera envoy\u00e9 dans les 24 heures et indiquera les informations relatives \u00e0 votre inscription et au type de contrat s\u00e9lectionn\u00e9 avec les conditions sp\u00e9cifiques qui s\u2019appliquent \u00e0 chaque type \u00e0 tout moment et qui sont accept\u00e9es avec les pr\u00e9sentes conditions g\u00e9n\u00e9rales au moment de la souscription. Toutefois, comme il s\u2019agit d\u2019un \u00e9l\u00e9ment technique et automatique, la r\u00e9ception d\u2019un tel e-mail peut ne pas avoir lieu pour des raisons techniques ind\u00e9pendantes de la volont\u00e9 du Site. Dans ces cas, le client doit contacter notre service client pour que la r\u00e9servation soit effective.<\/p>\n<p>Le client accepte qu\u2019il ne soit pas n\u00e9cessaire de confirmer la r\u00e9ception de l\u2019acceptation du contrat lorsqu\u2019il a \u00e9t\u00e9 conclu exclusivement au moyen d\u2019un \u00e9change de courrier \u00e9lectronique ou d\u2019un autre type de communication \u00e9lectronique \u00e9quivalent, tel qu\u2019\u00e9tabli \u00e0 l\u2019article 28.3 b) de la loi 34\/2002 sur les services de la soci\u00e9t\u00e9 de l\u2019information et du commerce \u00e9lectronique.  ainsi que les dispositions du RD 1906\/1999. Les parties conviennent d\u2019assimiler juridiquement la signature manuscrite du client \u00e0 celle faite au moyen de tout type de cl\u00e9s, de codes ou d\u2019\u00e9l\u00e9ments de s\u00e9curit\u00e9 d\u2019identification. Nonobstant ce qui pr\u00e9c\u00e8de, L\u2019H\u00c9BERGEMENT peut exiger une confirmation \u00e9crite lorsqu\u2019il le juge n\u00e9cessaire.<\/p>\n<h4>&nbsp;<\/h4>\n<h4>14. NULLIT\u00c9 DES CLAUSES<\/h4>\n<p>Si l\u2019une des dispositions du pr\u00e9sent Contrat devient ill\u00e9gale, invalide ou inapplicable pour quelque raison que ce soit, cette ill\u00e9galit\u00e9, inapplicabilit\u00e9 ou absence de validit\u00e9 sera limit\u00e9e exclusivement \u00e0 cette disposition et n\u2019affectera pas la validit\u00e9 ou l\u2019applicabilit\u00e9 des autres dispositions.<\/p>\n<h4>&nbsp;<\/h4>\n<h4>15. DROIT APPLICABLE ET JURIDICTION COMP\u00c9TENTE<\/h4>\n<p>Tout litige pouvant d\u00e9couler de l\u2019application de ces r\u00e8gles sera r\u00e9gi par la l\u00e9gislation espagnole et, dans toute la mesure permise par la loi, sera soumis aux tribunaux auxquels l\u2019h\u00e9bergement est attribu\u00e9.<\/p>\t\t\t\t\t\t\t\t<\/div>\n\t\t\t\t<\/div>\n\t\t\t\t\t<\/div>\n\t\t\t\t<\/div>\n\t\t\t\t<\/div>\n\t\t","protected":false},"excerpt":{"rendered":"<p>Termes et conditions 1. CONDITIONS G\u00c9N\u00c9RALES PR\u00c9CONTRACTUELLES a) Les pr\u00e9sentes Conditions G\u00e9n\u00e9rales r\u00e9gissent express\u00e9ment les relations commerciales entre THE ACCOMMODATION et les Utilisateurs Priv\u00e9s qui, par le biais du site Internet https:\/\/alohavera.es\/ (ci-apr\u00e8s, le \u00ab Site \u00bb) appartenant \u00e0 THE ACCOMMODATION, acqui\u00e8rent \u00e0 tout moment les produits propos\u00e9s aux Utilisateurs Priv\u00e9s sp\u00e9cifiquement pour la vente [&hellip;]<\/p>\n","protected":false},"author":1,"featured_media":0,"parent":0,"menu_order":0,"comment_status":"closed","ping_status":"closed","template":"elementor_header_footer","meta":{"_seopress_robots_primary_cat":"","_seopress_titles_title":"","_seopress_titles_desc":"","_seopress_robots_index":"","footnotes":""},"class_list":["post-6297","page","type-page","status-publish","hentry"],"_links":{"self":[{"href":"https:\/\/alohavera.es\/fr\/wp-json\/wp\/v2\/pages\/6297","targetHints":{"allow":["GET"]}}],"collection":[{"href":"https:\/\/alohavera.es\/fr\/wp-json\/wp\/v2\/pages"}],"about":[{"href":"https:\/\/alohavera.es\/fr\/wp-json\/wp\/v2\/types\/page"}],"author":[{"embeddable":true,"href":"https:\/\/alohavera.es\/fr\/wp-json\/wp\/v2\/users\/1"}],"replies":[{"embeddable":true,"href":"https:\/\/alohavera.es\/fr\/wp-json\/wp\/v2\/comments?post=6297"}],"version-history":[{"count":2,"href":"https:\/\/alohavera.es\/fr\/wp-json\/wp\/v2\/pages\/6297\/revisions"}],"predecessor-version":[{"id":16689,"href":"https:\/\/alohavera.es\/fr\/wp-json\/wp\/v2\/pages\/6297\/revisions\/16689"}],"wp:attachment":[{"href":"https:\/\/alohavera.es\/fr\/wp-json\/wp\/v2\/media?parent=6297"}],"curies":[{"name":"wp","href":"https:\/\/api.w.org\/{rel}","templated":true}]}}