{"id":6570,"date":"2023-11-30T22:06:08","date_gmt":"2023-11-30T22:06:08","guid":{"rendered":"https:\/\/alohavera.es\/plan-du-site-2\/"},"modified":"2023-12-19T12:19:23","modified_gmt":"2023-12-19T12:19:23","slug":"plan-du-site-2","status":"publish","type":"page","link":"https:\/\/alohavera.es\/fr\/plan-du-site-2\/","title":{"rendered":"Plan du site"},"content":{"rendered":"<div class=\"wrap-html-sitemap sp-html-sitemap\"><div class=\"sp-wrap-cpt\"><h2 class=\"sp-cpt-name\">Pages<\/h2><ul class=\"sp-list-posts sp-cpt-hierarchical\"><li class=\"page_item page-item-4188\"><a href=\"https:\/\/alohavera.es\/fr\/contact\/\">Contact<\/a><\/li><li class=\"page_item page-item-4278\"><a href=\"https:\/\/alohavera.es\/fr\/gastronomie\/\">Gastronomie<\/a><\/li><li class=\"page_item page-item-4284\"><a href=\"https:\/\/alohavera.es\/fr\/aventure\/\">Aventure<\/a><\/li><li class=\"page_item page-item-4287\"><a href=\"https:\/\/alohavera.es\/fr\/entretien-2\/\">Entretien<\/a><\/li><li class=\"page_item page-item-4823\"><a href=\"https:\/\/alohavera.es\/fr\/maisons\/\">Maisons<\/a><\/li><li class=\"page_item page-item-4972\"><a href=\"https:\/\/alohavera.es\/fr\/activites\/\">Activit\u00e9s<\/a><\/li><li class=\"page_item page-item-6290\"><a href=\"https:\/\/alohavera.es\/fr\/mentions-legales\/\">Mentions l\u00e9gales<\/a><\/li><li class=\"page_item page-item-6297\"><a href=\"https:\/\/alohavera.es\/fr\/termes-et-conditions\/\">Termes et conditions<\/a><\/li><li class=\"page_item page-item-6300\"><a href=\"https:\/\/alohavera.es\/fr\/politique-de-confidentialite\/\">Politique de confidentialit\u00e9<\/a><\/li><li class=\"page_item page-item-6570\"><a href=\"https:\/\/alohavera.es\/fr\/plan-du-site-2\/\">Plan du site<\/a><\/li><li class=\"page_item page-item-7006\"><a href=\"https:\/\/alohavera.es\/fr\/que-proposons-nous\/\">Que proposons-nous ?<\/a><\/li><li class=\"page_item page-item-10495\"><a href=\"https:\/\/alohavera.es\/fr\/retraite-linguistique-landing\/\">Retraite linguistique Landing<\/a><\/li><li class=\"page_item page-item-16671\"><a href=\"https:\/\/alohavera.es\/fr\/politique-de-cookies\/\">Politique de cookies<\/a><\/li><li class=\"page_item page-item-40372\"><a href=\"https:\/\/alohavera.es\/fr\/retraite-linguistique-de-debarquement-b\/\">Retraite linguistique de d\u00e9barquement &#8211; B<\/a><\/li><li class=\"page_item page-item-41730\"><a href=\"https:\/\/alohavera.es\/fr\/\">Exp\u00e9riences linguistiques Aloha Vera &#8211; 2026<\/a><\/li><li class=\"page_item page-item-54593\"><a href=\"https:\/\/alohavera.es\/fr\/carrito\/\">Carrito<\/a><\/li><li class=\"page_item page-item-4273\"><a href=\"https:\/\/alohavera.es\/fr\/commencement\/\">Exp\u00e9riences linguistiques \u00e0 Aloha Vera<\/a><\/li><li class=\"page_item page-item-4272\"><a href=\"https:\/\/alohavera.es\/fr\/nature\/\">Nature<\/a><\/li><li class=\"page_item page-item-4193\"><a href=\"https:\/\/alohavera.es\/fr\/rejoignez-aloha-vera\/\">Rejoignez Aloha Vera<\/a><\/li><li class=\"page_item page-item-4198\"><a href=\"https:\/\/alohavera.es\/fr\/plan-du-site\/\">Plan du site<\/a><\/li><li class=\"page_item page-item-4204\"><a href=\"https:\/\/alohavera.es\/fr\/entretien\/\">Entretien<\/a><\/li><li class=\"page_item page-item-4205\"><a href=\"https:\/\/alohavera.es\/fr\/traduction\/\">Traduction<\/a><\/li><li class=\"page_item page-item-4214\"><a href=\"https:\/\/alohavera.es\/fr\/merci\/\">Merci<\/a><\/li><li class=\"page_item page-item-4218\"><a href=\"https:\/\/alohavera.es\/fr\/plus-de-details\/\">D\u00e9tails et prix<\/a><\/li><li class=\"page_item page-item-4221\"><a href=\"https:\/\/alohavera.es\/fr\/bulletin\/\">Bulletin<\/a><\/li><li class=\"page_item page-item-4231\"><a href=\"https:\/\/alohavera.es\/fr\/epreuves\/\">\u00c9preuves<\/a><\/li><li class=\"page_item page-item-4238\"><a href=\"https:\/\/alohavera.es\/fr\/foire-aux-questions\/\">Foire aux questions<\/a><\/li><li class=\"page_item page-item-4240\"><a href=\"https:\/\/alohavera.es\/fr\/demande-de-reservation\/\">Demande de r\u00e9servation<\/a><\/li><li class=\"page_item page-item-4244\"><a href=\"https:\/\/alohavera.es\/fr\/quoffrons-nous\/\">Qu\u2019offrons-nous?<\/a><\/li><li class=\"page_item page-item-4253\"><a href=\"https:\/\/alohavera.es\/fr\/a-propos-daloha\/\">Qui sommes-nous<\/a><\/li><li class=\"page_item page-item-4256\"><a href=\"https:\/\/alohavera.es\/fr\/ou-sommes-nous\/\">O\u00f9 sommes-nous?<\/a><\/li><li class=\"page_item page-item-4260\"><a href=\"https:\/\/alohavera.es\/fr\/culturel\/\">Culturel<\/a><\/li><li class=\"page_item page-item-4266 current_page_parent\"><a href=\"https:\/\/alohavera.es\/fr\/blog\/\">Blog<\/a><\/li><li class=\"page_item page-item-54599\"><a href=\"https:\/\/alohavera.es\/fr\/commander\/\">Commander<\/a><\/li><\/ul><\/div><div class=\"sp-wrap-cpt\"><h2 class=\"sp-cpt-name\">Articles<\/h2><div class=\"sp-wrap-cats\"><div class=\"sp-wrap-cat\"><h3 class=\"sp-cat-name\"><a href=\"https:\/\/alohavera.es\/fr\/category\/aloha-vera-fr\/\">Aloha Vera<\/a><\/h3><ul class=\"sp-list-posts\"><li><a href=\"https:\/\/alohavera.es\/fr\/aloha-vera-obtient-la-troisieme-place-aux-pie-awards\/\">Aloha Vera obtient la troisi\u00e8me place aux PIE Awards<\/a> - 12 d\u00e9cembre 2022<\/li><\/ul><\/div><div class=\"sp-wrap-cat\"><h3 class=\"sp-cat-name\"><a href=\"https:\/\/alohavera.es\/fr\/category\/culture-fr\/\">Culture<\/a><\/h3><ul class=\"sp-list-posts\"><li><a href=\"https:\/\/alohavera.es\/fr\/de-la-vera-culture-famille-et-affichage-des-traditions\/\">De la Vera, culture, famille et affichage des traditions<\/a> - 15 septembre 2022<\/li><\/ul><\/div><div class=\"sp-wrap-cat\"><h3 class=\"sp-cat-name\"><a href=\"https:\/\/alohavera.es\/fr\/category\/experiences-fr\/\">Exp\u00e9riences<\/a><\/h3><ul class=\"sp-list-posts\"><li><a href=\"https:\/\/alohavera.es\/fr\/\">Une date d\u2019automne<\/a> - 21 avril 2023<\/li><\/ul><\/div><div class=\"sp-wrap-cat\"><h3 class=\"sp-cat-name\"><a href=\"https:\/\/alohavera.es\/fr\/category\/gastronomie\/\">Gastronomie<\/a><\/h3><ul class=\"sp-list-posts\"><li><a href=\"https:\/\/alohavera.es\/fr\/de-la-tradition-de-lestremadure-a-lassiette\/\">De la tradition de l\u2019Estr\u00e9madure \u00e0 l\u2019assiette<\/a> - 3 mars 2026<\/li><li><a href=\"https:\/\/alohavera.es\/fr\/un-voyage-a-travers-le-monde-des-fromages-caceres\/\">Un voyage \u00e0 travers le monde des fromages C\u00e1ceres<\/a> - 26 f\u00e9vrier 2026<\/li><\/ul><\/div><div class=\"sp-wrap-cat\"><h3 class=\"sp-cat-name\"><a href=\"https:\/\/alohavera.es\/fr\/category\/nature\/\">Nature<\/a><\/h3><\/div><\/div><\/div><div class=\"sp-wrap-cpt\"><ul class=\"sp-list-posts\"><li><a href=\"https:\/\/alohavera.es\/?p=4478\">Tasting of Extremaduran wines. Wine tourism in its purest form<\/a> - 23 janvier 2023<\/li><li><a href=\"https:\/\/alohavera.es\/fr\/?p=4485\">Randonn\u00e9e linguistique Appropriez-vous la langue!<\/a> - 23 janvier 2023<\/li><li><a href=\"https:\/\/alohavera.es\/?p=5001\">Pitarra wine tasting<\/a> - 24 mai 2023<\/li><li><a href=\"https:\/\/alohavera.es\/es\/?p=5310\">Visita Monfrag\u00fce<\/a> - 22 ao\u00fbt 2023<\/li><li><a href=\"https:\/\/alohavera.es\/fr\/?p=4484\">D\u00e9gustation de vins d\u2019Estr\u00e9madure. L\u2019oenotourisme \u00e0 l\u2019\u00e9tat pur<\/a> - 23 janvier 2023<\/li><li><a href=\"https:\/\/alohavera.es\/es\/?p=2590\">Pirag\u00fcismo sobre aguas tranquilas del R\u00edo Ti\u00e9tar<\/a> - 23 janvier 2023<\/li><li><a href=\"https:\/\/alohavera.es\/fr\/?p=5002\">D\u00e9gustation de vin Pitarra<\/a> - 24 mai 2023<\/li><li><a href=\"https:\/\/alohavera.es\/es\/?p=5324\">Rutas en Bicicleta<\/a> - 29 ao\u00fbt 2023<\/li><li><a href=\"https:\/\/alohavera.es\/es\/?p=2570\">4\u00d74 en el para\u00edso terrenal<\/a> - 23 janvier 2023<\/li><li><a href=\"https:\/\/alohavera.es\/?p=4491\">Canoeing on calm waters of the Ti\u00e9tar River<\/a> - 23 janvier 2023<\/li><li><a href=\"https:\/\/alohavera.es\/es\/?p=4870\">Cocina t\u00edpica Extreme\u00f1a. Descubre nuestra gastronom\u00eda<\/a> - 5 juin 2023<\/li><li><a href=\"https:\/\/alohavera.es\/?p=6303\">Bike Routes<\/a> - 29 ao\u00fbt 2023<\/li><li><a href=\"https:\/\/alohavera.es\/?p=4502\">4\u00d74 in the earthly paradise<\/a> - 23 janvier 2023<\/li><li><a href=\"https:\/\/alohavera.es\/fr\/?p=4495\">Cano\u00eb sur les eaux calmes de la rivi\u00e8re Ti\u00e9tar<\/a> - 23 janvier 2023<\/li><li><a href=\"https:\/\/alohavera.es\/?p=4999\">Typical Extremaduran cuisine. Discover our gastronomy<\/a> - 5 juin 2023<\/li><li><a href=\"https:\/\/alohavera.es\/es\/?p=5339\">Visita el Valle del Jerte<\/a> - 29 ao\u00fbt 2023<\/li><li><a href=\"https:\/\/alohavera.es\/fr\/?p=4503\">4\u00d74 Dans le paradis terrestre<\/a> - 23 janvier 2023<\/li><li><a href=\"https:\/\/alohavera.es\/?p=4482\">Translation and interpreting workshop<\/a> - 23 janvier 2023<\/li><li><a href=\"https:\/\/alohavera.es\/fr\/?p=5000\">Cuisine typique d\u2019Estr\u00e9madure. D\u00e9couvrez notre gastronomie<\/a> - 5 juin 2023<\/li><li><a href=\"https:\/\/alohavera.es\/?p=6304\">Visit the Jerte Valley<\/a> - 29 ao\u00fbt 2023<\/li><li><a href=\"https:\/\/alohavera.es\/es\/?p=2574\">Aventuras a caballo en plena naturaleza de la Vera<\/a> - 23 janvier 2023<\/li><li><a href=\"https:\/\/alohavera.es\/fr\/?p=4486\">Atelier de traduction et d\u2019interpr\u00e9tation<\/a> - 23 janvier 2023<\/li><li><a href=\"https:\/\/alohavera.es\/es\/?p=4905\">Ruta de las Fortalezas<\/a> - 9 juin 2023<\/li><li><a href=\"https:\/\/alohavera.es\/es\/?p=5352\">Visita una Finca Ecol\u00f3gica<\/a> - 30 ao\u00fbt 2023<\/li><li><a href=\"https:\/\/alohavera.es\/?p=4500\">Adventures on horseback in the middle of nature of La Vera<\/a> - 23 janvier 2023<\/li><li><a href=\"https:\/\/alohavera.es\/es\/?p=2595\">Un cementerio alem\u00e1n en plena naturaleza Verata<\/a> - 23 janvier 2023<\/li><li><a href=\"https:\/\/alohavera.es\/?p=4997\">Route of the Strengths<\/a> - 9 juin 2023<\/li><li><a href=\"https:\/\/alohavera.es\/fr\/?p=4501\">Aventures \u00e0 cheval au milieu de la nature de La Vera<\/a> - 23 janvier 2023<\/li><li><a href=\"https:\/\/alohavera.es\/fr\/?p=4480\">Un cimeti\u00e8re allemand au milieu de la nature de Verata<\/a> - 23 janvier 2023<\/li><li><a href=\"https:\/\/alohavera.es\/fr\/?p=4998\">Route des forces<\/a> - 9 juin 2023<\/li><li><a href=\"https:\/\/alohavera.es\/es\/?p=2577\">Cuarteto verato, incre\u00edbles pueblos Extreme\u00f1os en la Vera<\/a> - 23 janvier 2023<\/li><li><a href=\"https:\/\/alohavera.es\/?p=4496\">A German cemetery in the middle of Verata nature<\/a> - 23 janvier 2023<\/li><li><a href=\"https:\/\/alohavera.es\/es\/?p=4921\">Ruta de los Descubridores<\/a> - 13 juin 2023<\/li><li><a href=\"https:\/\/alohavera.es\/es\/?p=2555\">Naturaleza que vuela. Observaci\u00f3n de P\u00e1jaros en la Vera<\/a> - 22 janvier 2023<\/li><li><a href=\"https:\/\/alohavera.es\/?p=4498\">Cuarteto verato, incredible Extremaduran villages in La Vera<\/a> - 23 janvier 2023<\/li><li><a href=\"https:\/\/alohavera.es\/es\/?p=2596\">Oro Dorado: Aceite de Oliva Virgen Extra de Extremadura<\/a> - 23 janvier 2023<\/li><li><a href=\"https:\/\/alohavera.es\/?p=4995\">Route of the Discoverers<\/a> - 13 juin 2023<\/li><li><a href=\"https:\/\/alohavera.es\/fr\/?p=4487\">La nature qui vole. Observation des oiseaux \u00e0 La Vera<\/a> - 22 janvier 2023<\/li><li><a href=\"https:\/\/alohavera.es\/fr\/?p=4499\">Cuarteto verato, incroyables villages d\u2019Estr\u00e9madure \u00e0 La Vera<\/a> - 23 janvier 2023<\/li><li><a href=\"https:\/\/alohavera.es\/?p=4488\">Oro Dorado: Extra Virgin Olive Oil from Extremadura<\/a> - 23 janvier 2023<\/li><li><a href=\"https:\/\/alohavera.es\/fr\/?p=4996\">Route des D\u00e9couvreurs<\/a> - 13 juin 2023<\/li><li><a href=\"https:\/\/alohavera.es\/?p=4497\">Nature that flies. Bird Watching in La Vera<\/a> - 22 janvier 2023<\/li><li><a href=\"https:\/\/alohavera.es\/es\/?p=2578\">Ruta de los Monarcas. Ruta del Emperador Carlos V<\/a> - 23 janvier 2023<\/li><li><a href=\"https:\/\/alohavera.es\/fr\/?p=4492\">Oro Dorado: Huile d\u2019olive extra vierge d\u2019Estr\u00e9madure<\/a> - 23 janvier 2023<\/li><li><a href=\"https:\/\/alohavera.es\/es\/?p=5003\">Ruta de las Juder\u00edas<\/a> - 14 juin 2023<\/li><li><a href=\"https:\/\/alohavera.es\/es\/?p=2561\">Degustaci\u00f3n de quesos extreme\u00f1os. \u00a1Se activan nuestras papilas gustativas!<\/a> - 23 janvier 2023<\/li><li><a href=\"https:\/\/alohavera.es\/?p=4489\">Route of the Monarchs. Route of Emperor Charles V<\/a> - 23 janvier 2023<\/li><li><a href=\"https:\/\/alohavera.es\/es\/?p=2599\">Oro rojo, el piment\u00f3n de la Vera<\/a> - 23 janvier 2023<\/li><li><a href=\"https:\/\/alohavera.es\/?p=6255\">Route of the Jewish Quarters<\/a> - 14 juin 2023<\/li><li><a href=\"https:\/\/alohavera.es\/?p=4490\">Tasting of Extremaduran cheeses. Our taste buds are activated!<\/a> - 23 janvier 2023<\/li><li><a href=\"https:\/\/alohavera.es\/fr\/?p=4493\">Route des monarques. Route de l\u2019empereur Charles Quint<\/a> - 23 janvier 2023<\/li><li><a href=\"https:\/\/alohavera.es\/?p=4479\">Red gold, the paprika of La Vera<\/a> - 23 janvier 2023<\/li><li><a href=\"https:\/\/alohavera.es\/fr\/?p=6256\">Route des quartiers juifs<\/a> - 14 juin 2023<\/li><li><a href=\"https:\/\/alohavera.es\/fr\/?p=4494\">D\u00e9gustation de fromages d\u2019Estr\u00e9madure. Nos papilles gustatives sont activ\u00e9es !<\/a> - 23 janvier 2023<\/li><li><a href=\"https:\/\/alohavera.es\/es\/?p=2589\">Senderismo idiom\u00e1tico \u00a1Apr\u00f3piate del lenguaje!<\/a> - 23 janvier 2023<\/li><li><a href=\"https:\/\/alohavera.es\/fr\/?p=4483\">L\u2019or rouge, le paprika de La Vera<\/a> - 23 janvier 2023<\/li><li><a href=\"https:\/\/alohavera.es\/es\/?p=5019\">Ruta por C\u00e1ceres<\/a> - 21 juillet 2023<\/li><li><a href=\"https:\/\/alohavera.es\/es\/?p=2566\">Degustaci\u00f3n de vinos extreme\u00f1os. Enoturismo en estado puro<\/a> - 23 janvier 2023<\/li><li><a href=\"https:\/\/alohavera.es\/?p=4481\">Language hiking Take ownership of the language!<\/a> - 23 janvier 2023<\/li><li><a href=\"https:\/\/alohavera.es\/es\/?p=4719\">Degustaci\u00f3n de vinos de Pitarra<\/a> - 24 mai 2023<\/li><li><a href=\"https:\/\/alohavera.es\/es\/?p=5266\">Ruta por M\u00e9rida<\/a> - 27 juillet 2023<\/li><\/ul><\/div><\/div>\n","protected":false},"excerpt":{"rendered":"","protected":false},"author":2,"featured_media":0,"parent":0,"menu_order":0,"comment_status":"closed","ping_status":"closed","template":"","meta":{"_seopress_robots_primary_cat":"","_seopress_titles_title":"","_seopress_titles_desc":"","_seopress_robots_index":"","footnotes":""},"class_list":["post-6570","page","type-page","status-publish","hentry"],"_links":{"self":[{"href":"https:\/\/alohavera.es\/fr\/wp-json\/wp\/v2\/pages\/6570","targetHints":{"allow":["GET"]}}],"collection":[{"href":"https:\/\/alohavera.es\/fr\/wp-json\/wp\/v2\/pages"}],"about":[{"href":"https:\/\/alohavera.es\/fr\/wp-json\/wp\/v2\/types\/page"}],"author":[{"embeddable":true,"href":"https:\/\/alohavera.es\/fr\/wp-json\/wp\/v2\/users\/2"}],"replies":[{"embeddable":true,"href":"https:\/\/alohavera.es\/fr\/wp-json\/wp\/v2\/comments?post=6570"}],"version-history":[{"count":1,"href":"https:\/\/alohavera.es\/fr\/wp-json\/wp\/v2\/pages\/6570\/revisions"}],"predecessor-version":[{"id":6571,"href":"https:\/\/alohavera.es\/fr\/wp-json\/wp\/v2\/pages\/6570\/revisions\/6571"}],"wp:attachment":[{"href":"https:\/\/alohavera.es\/fr\/wp-json\/wp\/v2\/media?parent=6570"}],"curies":[{"name":"wp","href":"https:\/\/api.w.org\/{rel}","templated":true}]}}